{"id":1505,"date":"2024-10-07T11:34:02","date_gmt":"2024-10-07T10:34:02","guid":{"rendered":"https:\/\/testosteron-eu.com\/delivery-and-payment\/"},"modified":"2024-10-08T16:27:59","modified_gmt":"2024-10-08T15:27:59","slug":"lieferung-und-zahlung","status":"publish","type":"page","link":"https:\/\/testosteron-eu.com\/de\/lieferung-und-zahlung\/","title":{"rendered":"Lieferung und Zahlung"},"content":{"rendered":"<div class=\"wpb-content-wrapper\"><p>[vc_row][vc_column]\t\t<div id=\"wd-6703b92755032\" class=\"wd-text-block wd-wpb reset-last-child wd-rs-6703b92755032 text-left \">\n\t\t\t<h2>Erfahren Sie mehr \u00fcber Lieferung und Zahlung<\/h2>\n<p>Sie finden unten weitere Informationen zu unseren Zahlungs- und Lieferoptionen.<\/p>\n\t\t<\/div>\n\t\t[\/vc_column][\/vc_row][vc_row][vc_column width=&#8220;1\/2&#8243;]\t\t<div id=\"wd-6703b8ac47f4c\" class=\"wd-text-block wd-wpb reset-last-child wd-rs-6703b8ac47f4c text-left \">\n\t\t\t<h3>Zahlungsmethoden<\/h3>\n<ul>\n<li>Bank\u00fcberweisung (Vorauskasse)<\/li>\n<li>PayPal Freunde und Familie<\/li>\n<li>Bank\u00fcberweisung nach Erhalt der Ware (+21\u202f\u20ac Geb\u00fchr; Telefonnummer und Link zu einem aktiven Facebook-Profil erforderlich)<\/li>\n<li>Bitcoin, USDT, Ethereum<\/li>\n<\/ul>\n\t\t<\/div>\n\t\t[\/vc_column][vc_column width=&#8220;1\/2&#8243;]\t\t<div id=\"wd-6703b8e39bc56\" class=\"wd-text-block wd-wpb reset-last-child wd-rs-6703b8e39bc56 text-left \">\n\t\t\t<h3>Liefermethoden<\/h3>\n<ul>\n<li>Die Mindestbestellmenge betr\u00e4gt immer 3 St\u00fcck.<\/li>\n<li>Die Lieferung aus Deutschland ist immer kostenlos.<\/li>\n<li>Wir versenden \u00fcber Postdienste wie Hermes, DHL und GLS.<\/li>\n<li>F\u00fcr Kunden aus anderen EU-L\u00e4ndern best\u00e4tigen Sie bitte den Spediteur mit Ihrem Ansprechpartner.<\/li>\n<\/ul>\n\t\t<\/div>\n\t\t[\/vc_column][\/vc_row]<\/p>\n<\/div>","protected":false},"excerpt":{"rendered":"<p>[vc_row][vc_column][\/vc_column][\/vc_row][vc_row][vc_column width=&#8220;1\/2&#8243;][\/vc_column][vc_column width=&#8220;1\/2&#8243;][\/vc_column][\/vc_row]<\/p>\n","protected":false},"author":1,"featured_media":0,"parent":0,"menu_order":0,"comment_status":"closed","ping_status":"closed","template":"","meta":{"footnotes":""},"class_list":["post-1505","page","type-page","status-publish","hentry"],"_links":{"self":[{"href":"https:\/\/testosteron-eu.com\/de\/wp-json\/wp\/v2\/pages\/1505","targetHints":{"allow":["GET"]}}],"collection":[{"href":"https:\/\/testosteron-eu.com\/de\/wp-json\/wp\/v2\/pages"}],"about":[{"href":"https:\/\/testosteron-eu.com\/de\/wp-json\/wp\/v2\/types\/page"}],"author":[{"embeddable":true,"href":"https:\/\/testosteron-eu.com\/de\/wp-json\/wp\/v2\/users\/1"}],"replies":[{"embeddable":true,"href":"https:\/\/testosteron-eu.com\/de\/wp-json\/wp\/v2\/comments?post=1505"}],"version-history":[{"count":2,"href":"https:\/\/testosteron-eu.com\/de\/wp-json\/wp\/v2\/pages\/1505\/revisions"}],"predecessor-version":[{"id":1515,"href":"https:\/\/testosteron-eu.com\/de\/wp-json\/wp\/v2\/pages\/1505\/revisions\/1515"}],"wp:attachment":[{"href":"https:\/\/testosteron-eu.com\/de\/wp-json\/wp\/v2\/media?parent=1505"}],"curies":[{"name":"wp","href":"https:\/\/api.w.org\/{rel}","templated":true}]}}