{"id":1543,"date":"2024-10-07T12:14:19","date_gmt":"2024-10-07T11:14:19","guid":{"rendered":"https:\/\/testosteron-eu.com\/free-expert-advice\/"},"modified":"2024-10-08T16:48:03","modified_gmt":"2024-10-08T15:48:03","slug":"expertenhilfe","status":"publish","type":"page","link":"https:\/\/testosteron-eu.com\/de\/expertenhilfe\/","title":{"rendered":"Expertenhilfe"},"content":{"rendered":"<div class=\"wpb-content-wrapper\"><p>[vc_row][vc_column]\t\t<div id=\"wd-6703c258a9df8\" class=\"wd-text-block wd-wpb reset-last-child wd-rs-6703c258a9df8 text-left \">\n\t\t\t<h2>Erhalten Sie eine kostenlose Beratung mit einem Spezialisten<\/h2>\n<p>Z\u00f6gern Sie nicht, uns zu kontaktieren\u2014Ihre Zufriedenheit und Ihr Erfolg sind unsere Priorit\u00e4t.<\/p>\n<p>Wenn Sie fachkundige Hilfe und Beratung w\u00fcnschen, sind Sie hier genau richtig. Unser erfahrenes Team steht bereit, um sicherzustellen, dass Sie die besten Produkte f\u00fcr Ihre individuellen Bed\u00fcrfnisse finden.<\/p>\n<p>Bitte teilen Sie uns Ihre Gr\u00f6\u00dfe, Ihr Alter und Ihr Gewicht mit, damit wir eine ma\u00dfgeschneiderte Empfehlung f\u00fcr Sie erstellen k\u00f6nnen. Dies hilft uns, Ihre k\u00f6rperlichen Anforderungen besser zu verstehen und die am besten geeigneten Produkte f\u00fcr Sie vorzuschlagen.<\/p>\n<p>Teilen Sie uns auch Ihre Hauptziele f\u00fcr die Einnahme von anabolen Steroiden oder anderen Medikamenten mit. Ob Sie Muskelmasse aufbauen, Fett reduzieren, Ihre Leistung steigern oder Ihre allgemeine Gesundheit verbessern m\u00f6chten, wir haben die richtigen L\u00f6sungen f\u00fcr Sie.<\/p>\n<p>Wir helfen Ihnen in jedem Fall, ob Sie Anf\u00e4nger oder erfahrener Sportler sind. Unser Ziel ist es, Ihnen fundierte und zuverl\u00e4ssige Beratung zu bieten, damit Sie Ihre Ziele sicher und effektiv erreichen k\u00f6nnen.<\/p>\n\t\t<\/div>\n\t\t[\/vc_column][\/vc_row]<\/p>\n<\/div>","protected":false},"excerpt":{"rendered":"<p>[vc_row][vc_column][\/vc_column][\/vc_row]<\/p>\n","protected":false},"author":1,"featured_media":0,"parent":0,"menu_order":0,"comment_status":"closed","ping_status":"closed","template":"","meta":{"footnotes":""},"class_list":["post-1543","page","type-page","status-publish","hentry"],"_links":{"self":[{"href":"https:\/\/testosteron-eu.com\/de\/wp-json\/wp\/v2\/pages\/1543","targetHints":{"allow":["GET"]}}],"collection":[{"href":"https:\/\/testosteron-eu.com\/de\/wp-json\/wp\/v2\/pages"}],"about":[{"href":"https:\/\/testosteron-eu.com\/de\/wp-json\/wp\/v2\/types\/page"}],"author":[{"embeddable":true,"href":"https:\/\/testosteron-eu.com\/de\/wp-json\/wp\/v2\/users\/1"}],"replies":[{"embeddable":true,"href":"https:\/\/testosteron-eu.com\/de\/wp-json\/wp\/v2\/comments?post=1543"}],"version-history":[{"count":3,"href":"https:\/\/testosteron-eu.com\/de\/wp-json\/wp\/v2\/pages\/1543\/revisions"}],"predecessor-version":[{"id":1554,"href":"https:\/\/testosteron-eu.com\/de\/wp-json\/wp\/v2\/pages\/1543\/revisions\/1554"}],"wp:attachment":[{"href":"https:\/\/testosteron-eu.com\/de\/wp-json\/wp\/v2\/media?parent=1543"}],"curies":[{"name":"wp","href":"https:\/\/api.w.org\/{rel}","templated":true}]}}