{"id":6200,"date":"2024-11-20T15:27:48","date_gmt":"2024-11-20T14:27:48","guid":{"rendered":"https:\/\/testosteron-eu.com\/product\/tren-a-trenbolone-acetate-100mg-ml-schneider\/"},"modified":"2024-11-25T16:15:34","modified_gmt":"2024-11-25T15:15:34","slug":"tren-a-trenbolone-acetate-100mg-ml-schneider","status":"publish","type":"product","link":"https:\/\/testosteron-eu.com\/de\/produkt\/tren-a-trenbolone-acetate-100mg-ml-schneider\/","title":{"rendered":"Tren A Trenbolone Acetate 100mg\/ml &#8211; Schneider"},"content":{"rendered":"<p>Erleben Sie schnelle Ergebnisse mit Tren A Trenbolone Acetate 100mg\/ml von Schneider, einem hochwirksamen anabolen Steroid f\u00fcr ernsthafte Athleten und Bodybuilder. Bekannt f\u00fcr seine schnell wirkenden Eigenschaften, beschleunigt Trenbolone Acetate die Proteinsynthese und Stickstoffretention, was zu erh\u00f6htem Muskelwachstum, verbesserter Kraft und optimiertem Fettstoffwechsel f\u00fchrt. Ideal f\u00fcr Masse- und Schneidephasen, hilft dieses Produkt, fettfreie, definierte Muskelmasse aufzubauen und unerw\u00fcnschtes K\u00f6rperfett zu reduzieren. Die kurze Halbwertszeit erm\u00f6glicht eine pr\u00e4zise Dosierung und schnelle Anpassungen Ihres Regimes. Vertrauen Sie auf die Premium-Qualit\u00e4t von Schneider, um Ihre Fitnessziele zu maximieren.<\/p>\n","protected":false},"excerpt":{"rendered":"<p>Steigern Sie Ihr Muskelwachstum und Ihren Fettabbau mit Tren A Trenbolone Acetate 100mg\/ml von Schneider \u2013 ein schnell wirkendes anaboles Steroid, perfekt f\u00fcr Masse- und Schneidephasen.<\/p>\n","protected":false},"featured_media":6109,"comment_status":"open","ping_status":"closed","template":"","meta":[],"product_cat":[202],"product_tag":[],"class_list":{"0":"post-6200","1":"product","2":"type-product","3":"status-publish","4":"has-post-thumbnail","6":"product_cat-injizierbare-steroide-de","8":"first","9":"instock","10":"shipping-taxable","11":"purchasable","12":"product-type-simple"},"_links":{"self":[{"href":"https:\/\/testosteron-eu.com\/de\/wp-json\/wp\/v2\/product\/6200","targetHints":{"allow":["GET"]}}],"collection":[{"href":"https:\/\/testosteron-eu.com\/de\/wp-json\/wp\/v2\/product"}],"about":[{"href":"https:\/\/testosteron-eu.com\/de\/wp-json\/wp\/v2\/types\/product"}],"replies":[{"embeddable":true,"href":"https:\/\/testosteron-eu.com\/de\/wp-json\/wp\/v2\/comments?post=6200"}],"wp:featuredmedia":[{"embeddable":true,"href":"https:\/\/testosteron-eu.com\/de\/wp-json\/wp\/v2\/media\/6109"}],"wp:attachment":[{"href":"https:\/\/testosteron-eu.com\/de\/wp-json\/wp\/v2\/media?parent=6200"}],"wp:term":[{"taxonomy":"product_cat","embeddable":true,"href":"https:\/\/testosteron-eu.com\/de\/wp-json\/wp\/v2\/product_cat?post=6200"},{"taxonomy":"product_tag","embeddable":true,"href":"https:\/\/testosteron-eu.com\/de\/wp-json\/wp\/v2\/product_tag?post=6200"}],"curies":[{"name":"wp","href":"https:\/\/api.w.org\/{rel}","templated":true}]}}