{"id":7132,"date":"2025-02-28T18:23:40","date_gmt":"2025-02-28T17:23:40","guid":{"rendered":"https:\/\/testosteron-eu.com\/?post_type=product&#038;p=7132"},"modified":"2025-03-01T00:42:42","modified_gmt":"2025-02-28T23:42:42","slug":"allaes-uniliver","status":"publish","type":"product","link":"https:\/\/testosteron-eu.com\/de\/produkt\/allaes-uniliver\/","title":{"rendered":"Allaes Uniliver"},"content":{"rendered":"<p>Sch\u00fctzen Sie Ihre Leber mit ALLAES UNILIVER von Biaxol Supplements, der fortschrittlichsten Leberunterst\u00fctzungsformel. Entwickelt f\u00fcr Sportler und Menschen mit hoher Stoffwechselbelastung, hilft dieses wissenschaftlich fundierte Supplement bei der Entgiftung und Regeneration der Leber.<\/p>\n","protected":false},"excerpt":{"rendered":"<p>Sch\u00fctzen und regenerieren Sie Ihre Leber mit ALLAES UNILIVER von Biaxol Supplements. Eine wissenschaftlich entwickelte Formel zur Entgiftung, Unterst\u00fctzung der Leberfunktion und Verbesserung der Stoffwechselgesundheit.<\/p>\n","protected":false},"featured_media":7137,"comment_status":"open","ping_status":"closed","template":"","meta":[],"product_cat":[206],"product_tag":[],"class_list":{"0":"post-7132","1":"product","2":"type-product","3":"status-publish","4":"has-post-thumbnail","6":"product_cat-post-cycle-therapie-de","8":"first","9":"instock","10":"shipping-taxable","11":"purchasable","12":"product-type-simple"},"_links":{"self":[{"href":"https:\/\/testosteron-eu.com\/de\/wp-json\/wp\/v2\/product\/7132","targetHints":{"allow":["GET"]}}],"collection":[{"href":"https:\/\/testosteron-eu.com\/de\/wp-json\/wp\/v2\/product"}],"about":[{"href":"https:\/\/testosteron-eu.com\/de\/wp-json\/wp\/v2\/types\/product"}],"replies":[{"embeddable":true,"href":"https:\/\/testosteron-eu.com\/de\/wp-json\/wp\/v2\/comments?post=7132"}],"wp:featuredmedia":[{"embeddable":true,"href":"https:\/\/testosteron-eu.com\/de\/wp-json\/wp\/v2\/media\/7137"}],"wp:attachment":[{"href":"https:\/\/testosteron-eu.com\/de\/wp-json\/wp\/v2\/media?parent=7132"}],"wp:term":[{"taxonomy":"product_cat","embeddable":true,"href":"https:\/\/testosteron-eu.com\/de\/wp-json\/wp\/v2\/product_cat?post=7132"},{"taxonomy":"product_tag","embeddable":true,"href":"https:\/\/testosteron-eu.com\/de\/wp-json\/wp\/v2\/product_tag?post=7132"}],"curies":[{"name":"wp","href":"https:\/\/api.w.org\/{rel}","templated":true}]}}