{"id":7202,"date":"2025-02-28T18:45:26","date_gmt":"2025-02-28T17:45:26","guid":{"rendered":"https:\/\/testosteron-eu.com\/?post_type=product&#038;p=7202"},"modified":"2025-03-01T01:13:36","modified_gmt":"2025-03-01T00:13:36","slug":"semalgid-4mg-semaglutide-new-generation-pharma","status":"publish","type":"product","link":"https:\/\/testosteron-eu.com\/de\/produkt\/semalgid-4mg-semaglutide-new-generation-pharma\/","title":{"rendered":"Semalgid 4mg (Semaglutide) New Generation Pharma"},"content":{"rendered":"<p>Semalgid 4mg (Semaglutide) von New Generation Pharma ist ein GLP-1-Rezeptor-Agonist, der die nat\u00fcrlichen Hormone des K\u00f6rpers nachahmt, um den Appetit zu kontrollieren, die Insulinsensitivit\u00e4t zu verbessern und langfristigen Gewichtsverlust zu f\u00f6rdern. Urspr\u00fcnglich zur Behandlung von Typ-2-Diabetes entwickelt, hat Semaglutid gro\u00dfe Popularit\u00e4t f\u00fcr seine F\u00e4higkeit gewonnen, die Kalorienaufnahme zu reduzieren und den Stoffwechsel zu optimieren.<\/p>\n","protected":false},"excerpt":{"rendered":"<p>Erreichen Sie nachhaltigen Gewichtsverlust und eine bessere Stoffwechselgesundheit mit Semalgid 4mg (Semaglutide) von New Generation Pharma. Ein hochmodernes GLP-1-Rezeptor-Agonist zur Appetitkontrolle, Verbesserung der Insulinsensitivit\u00e4t und langfristigen Gewichtskontrolle.<\/p>\n","protected":false},"featured_media":7207,"comment_status":"open","ping_status":"closed","template":"","meta":[],"product_cat":[200],"product_tag":[],"class_list":{"0":"post-7202","1":"product","2":"type-product","3":"status-publish","4":"has-post-thumbnail","6":"product_cat-fettverbrenner-de","8":"first","9":"instock","10":"shipping-taxable","11":"purchasable","12":"product-type-simple"},"_links":{"self":[{"href":"https:\/\/testosteron-eu.com\/de\/wp-json\/wp\/v2\/product\/7202","targetHints":{"allow":["GET"]}}],"collection":[{"href":"https:\/\/testosteron-eu.com\/de\/wp-json\/wp\/v2\/product"}],"about":[{"href":"https:\/\/testosteron-eu.com\/de\/wp-json\/wp\/v2\/types\/product"}],"replies":[{"embeddable":true,"href":"https:\/\/testosteron-eu.com\/de\/wp-json\/wp\/v2\/comments?post=7202"}],"wp:featuredmedia":[{"embeddable":true,"href":"https:\/\/testosteron-eu.com\/de\/wp-json\/wp\/v2\/media\/7207"}],"wp:attachment":[{"href":"https:\/\/testosteron-eu.com\/de\/wp-json\/wp\/v2\/media?parent=7202"}],"wp:term":[{"taxonomy":"product_cat","embeddable":true,"href":"https:\/\/testosteron-eu.com\/de\/wp-json\/wp\/v2\/product_cat?post=7202"},{"taxonomy":"product_tag","embeddable":true,"href":"https:\/\/testosteron-eu.com\/de\/wp-json\/wp\/v2\/product_tag?post=7202"}],"curies":[{"name":"wp","href":"https:\/\/api.w.org\/{rel}","templated":true}]}}