{"id":7543,"date":"2025-04-04T00:44:48","date_gmt":"2025-04-03T22:44:48","guid":{"rendered":"https:\/\/testosteron-eu.com\/?post_type=product&#038;p=7543"},"modified":"2025-04-04T00:46:46","modified_gmt":"2025-04-03T22:46:46","slug":"methenolone-enanthate-somatrop-lab","status":"publish","type":"product","link":"https:\/\/testosteron-eu.com\/de\/produkt\/methenolone-enanthate-somatrop-lab\/","title":{"rendered":"Methenolone Enanthate Somatrop-Lab"},"content":{"rendered":"<p>Methenolone Enanthate wird f\u00fcr seinen stetigen, gut erhaltbaren Muskelaufbau und die geringe Wasserretention gesch\u00e4tzt. Es tr\u00e4gt zu einem schlanken und definierten Erscheinungsbild bei und wird h\u00e4ufig in Di\u00e4t- oder Lean-Bulk-Phasen eingesetzt. Sportler sch\u00e4tzen sein g\u00fcnstiges Sicherheitsprofil und seine best\u00e4ndigen Ergebnisse.<\/p>\n","protected":false},"excerpt":{"rendered":"<p>Methenolone Enanthate von Somatrop-Lab ist ein hochwertiges anaboles Steroid, das entwickelt wurde, um Muskelwachstum und sportliche Leistung zu steigern und dabei im Vergleich zu vielen anderen Steroiden mildere Nebenwirkungen aufzuweisen. Es ist besonders beliebt f\u00fcr seine F\u00e4higkeit, qualitativ hochwertige Muskelzuw\u00e4chse zu liefern und den K\u00f6rper weniger zu belasten.<\/p>\n","protected":false},"featured_media":7548,"comment_status":"open","ping_status":"closed","template":"","meta":[],"product_cat":[202],"product_tag":[],"class_list":{"0":"post-7543","1":"product","2":"type-product","3":"status-publish","4":"has-post-thumbnail","6":"product_cat-injizierbare-steroide-de","8":"first","9":"instock","10":"shipping-taxable","11":"purchasable","12":"product-type-simple"},"_links":{"self":[{"href":"https:\/\/testosteron-eu.com\/de\/wp-json\/wp\/v2\/product\/7543","targetHints":{"allow":["GET"]}}],"collection":[{"href":"https:\/\/testosteron-eu.com\/de\/wp-json\/wp\/v2\/product"}],"about":[{"href":"https:\/\/testosteron-eu.com\/de\/wp-json\/wp\/v2\/types\/product"}],"replies":[{"embeddable":true,"href":"https:\/\/testosteron-eu.com\/de\/wp-json\/wp\/v2\/comments?post=7543"}],"wp:featuredmedia":[{"embeddable":true,"href":"https:\/\/testosteron-eu.com\/de\/wp-json\/wp\/v2\/media\/7548"}],"wp:attachment":[{"href":"https:\/\/testosteron-eu.com\/de\/wp-json\/wp\/v2\/media?parent=7543"}],"wp:term":[{"taxonomy":"product_cat","embeddable":true,"href":"https:\/\/testosteron-eu.com\/de\/wp-json\/wp\/v2\/product_cat?post=7543"},{"taxonomy":"product_tag","embeddable":true,"href":"https:\/\/testosteron-eu.com\/de\/wp-json\/wp\/v2\/product_tag?post=7543"}],"curies":[{"name":"wp","href":"https:\/\/api.w.org\/{rel}","templated":true}]}}