{"id":7571,"date":"2025-04-04T00:49:53","date_gmt":"2025-04-03T22:49:53","guid":{"rendered":"https:\/\/testosteron-eu.com\/?post_type=product&#038;p=7571"},"modified":"2025-04-04T00:51:42","modified_gmt":"2025-04-03T22:51:42","slug":"nandrolone-phenylpropionate-somatrop-lab","status":"publish","type":"product","link":"https:\/\/testosteron-eu.com\/de\/produkt\/nandrolone-phenylpropionate-somatrop-lab\/","title":{"rendered":"Nandrolone Phenylpropionate Somatrop-Lab"},"content":{"rendered":"<p>Dank seines schneller wirkenden Esters k\u00f6nnen Anwender mit NPP h\u00e4ufiger, aber in kleineren Dosen injizieren und dennoch von den Vorteilen des Nandrolons profitieren. Es steigert die Proteinsynthese und die Produktion roter Blutk\u00f6rperchen, wodurch sowohl Muskelreparatur als auch Ausdauer unterst\u00fctzt werden. Viele Sportler sch\u00e4tzen seine F\u00e4higkeit, Gelenkbeschwerden zu lindern und intensiver zu trainieren.<\/p>\n","protected":false},"excerpt":{"rendered":"<p>Nandrolone Phenylpropionate (NPP) von Somatrop-Lab ist ein hochwirksames anaboles Steroid, das f\u00fcr seinen muskelaufbauenden, kraftsteigernden und gelenkschonenden Nutzen bekannt ist.<\/p>\n","protected":false},"featured_media":7576,"comment_status":"open","ping_status":"closed","template":"","meta":[],"product_cat":[202],"product_tag":[],"class_list":{"0":"post-7571","1":"product","2":"type-product","3":"status-publish","4":"has-post-thumbnail","6":"product_cat-injizierbare-steroide-de","8":"first","9":"instock","10":"shipping-taxable","11":"purchasable","12":"product-type-simple"},"_links":{"self":[{"href":"https:\/\/testosteron-eu.com\/de\/wp-json\/wp\/v2\/product\/7571","targetHints":{"allow":["GET"]}}],"collection":[{"href":"https:\/\/testosteron-eu.com\/de\/wp-json\/wp\/v2\/product"}],"about":[{"href":"https:\/\/testosteron-eu.com\/de\/wp-json\/wp\/v2\/types\/product"}],"replies":[{"embeddable":true,"href":"https:\/\/testosteron-eu.com\/de\/wp-json\/wp\/v2\/comments?post=7571"}],"wp:featuredmedia":[{"embeddable":true,"href":"https:\/\/testosteron-eu.com\/de\/wp-json\/wp\/v2\/media\/7576"}],"wp:attachment":[{"href":"https:\/\/testosteron-eu.com\/de\/wp-json\/wp\/v2\/media?parent=7571"}],"wp:term":[{"taxonomy":"product_cat","embeddable":true,"href":"https:\/\/testosteron-eu.com\/de\/wp-json\/wp\/v2\/product_cat?post=7571"},{"taxonomy":"product_tag","embeddable":true,"href":"https:\/\/testosteron-eu.com\/de\/wp-json\/wp\/v2\/product_tag?post=7571"}],"curies":[{"name":"wp","href":"https:\/\/api.w.org\/{rel}","templated":true}]}}