{"id":7613,"date":"2025-04-04T00:57:11","date_gmt":"2025-04-03T22:57:11","guid":{"rendered":"https:\/\/testosteron-eu.com\/?post_type=product&#038;p=7613"},"modified":"2025-04-04T00:58:48","modified_gmt":"2025-04-03T22:58:48","slug":"recombinant-human-growth-hormone-hgh-333mg-2vials-somatrop-lab","status":"publish","type":"product","link":"https:\/\/testosteron-eu.com\/de\/produkt\/recombinant-human-growth-hormone-hgh-333mg-2vials-somatrop-lab\/","title":{"rendered":"Recombinant Human Growth Hormone (HGH) 33,3mg 2vials Somatrop-Lab"},"content":{"rendered":"<p>HGH unterst\u00fctzt die zellul\u00e4re Reparatur und Proteinsynthese, f\u00f6rdert den Aufbau fettarmer Muskelmasse, verbessert die Hautelastizit\u00e4t und verk\u00fcrzt Erholungszeiten. Seine stoffwechselbezogenen Vorteile helfen dabei, K\u00f6rperfett zu reduzieren und gleichzeitig Muskelmasse zu erhalten. Sportler integrieren HGH oft, um ihre Energieniveaus und ihr allgemeines Wohlbefinden zu verbessern.<\/p>\n","protected":false},"excerpt":{"rendered":"<p>Das rekombinante menschliche Wachstumshormon (HGH) von Somatrop-Lab ist ein starkes Peptidhormon, das zum Muskelaufbau, Fettabbau und zur Geweberegeneration eingesetzt wird. Es wird h\u00e4ufig zur Leistungssteigerung, schnellen Regeneration und zu Anti-Aging-Zwecken genutzt.<\/p>\n","protected":false},"featured_media":7618,"comment_status":"open","ping_status":"closed","template":"","meta":[],"product_cat":[201],"product_tag":[],"class_list":{"0":"post-7613","1":"product","2":"type-product","3":"status-publish","4":"has-post-thumbnail","6":"product_cat-hgh-de","8":"first","9":"instock","10":"shipping-taxable","11":"purchasable","12":"product-type-simple"},"_links":{"self":[{"href":"https:\/\/testosteron-eu.com\/de\/wp-json\/wp\/v2\/product\/7613","targetHints":{"allow":["GET"]}}],"collection":[{"href":"https:\/\/testosteron-eu.com\/de\/wp-json\/wp\/v2\/product"}],"about":[{"href":"https:\/\/testosteron-eu.com\/de\/wp-json\/wp\/v2\/types\/product"}],"replies":[{"embeddable":true,"href":"https:\/\/testosteron-eu.com\/de\/wp-json\/wp\/v2\/comments?post=7613"}],"wp:featuredmedia":[{"embeddable":true,"href":"https:\/\/testosteron-eu.com\/de\/wp-json\/wp\/v2\/media\/7618"}],"wp:attachment":[{"href":"https:\/\/testosteron-eu.com\/de\/wp-json\/wp\/v2\/media?parent=7613"}],"wp:term":[{"taxonomy":"product_cat","embeddable":true,"href":"https:\/\/testosteron-eu.com\/de\/wp-json\/wp\/v2\/product_cat?post=7613"},{"taxonomy":"product_tag","embeddable":true,"href":"https:\/\/testosteron-eu.com\/de\/wp-json\/wp\/v2\/product_tag?post=7613"}],"curies":[{"name":"wp","href":"https:\/\/api.w.org\/{rel}","templated":true}]}}