{"id":7697,"date":"2025-04-04T01:10:32","date_gmt":"2025-04-03T23:10:32","guid":{"rendered":"https:\/\/testosteron-eu.com\/?post_type=product&#038;p=7697"},"modified":"2025-04-04T01:12:20","modified_gmt":"2025-04-03T23:12:20","slug":"testosterone-cypionate-somatrop-lab","status":"publish","type":"product","link":"https:\/\/testosteron-eu.com\/de\/produkt\/testosterone-cypionate-somatrop-lab\/","title":{"rendered":"Testosterone Cypionate Somatrop-Lab"},"content":{"rendered":"<p>Durch seinen langwirkenden Ester ben\u00f6tigt Testosterone Cypionate weniger h\u00e4ufige Injektionen, w\u00e4hrend stabile Blutwerte erhalten bleiben. Es unterst\u00fctzt den Aufbau von Muskelmasse, die Libido und die Regeneration. H\u00e4ufig in Masseaufbauphasen eingesetzt, ist es auch f\u00fcr seine stimmungs- und energie\u00adsteigernde Wirkung bekannt.<\/p>\n","protected":false},"excerpt":{"rendered":"<p>Testosterone Cypionate von Somatrop-Lab ist ein hochwertiges anaboles Steroid, das entwickelt wurde, um das Muskelwachstum, die Kraft und das allgemeine Wohlbefinden zu steigern.<\/p>\n","protected":false},"featured_media":7702,"comment_status":"open","ping_status":"closed","template":"","meta":[],"product_cat":[202],"product_tag":[],"class_list":{"0":"post-7697","1":"product","2":"type-product","3":"status-publish","4":"has-post-thumbnail","6":"product_cat-injizierbare-steroide-de","8":"first","9":"instock","10":"shipping-taxable","11":"purchasable","12":"product-type-simple"},"_links":{"self":[{"href":"https:\/\/testosteron-eu.com\/de\/wp-json\/wp\/v2\/product\/7697","targetHints":{"allow":["GET"]}}],"collection":[{"href":"https:\/\/testosteron-eu.com\/de\/wp-json\/wp\/v2\/product"}],"about":[{"href":"https:\/\/testosteron-eu.com\/de\/wp-json\/wp\/v2\/types\/product"}],"replies":[{"embeddable":true,"href":"https:\/\/testosteron-eu.com\/de\/wp-json\/wp\/v2\/comments?post=7697"}],"wp:featuredmedia":[{"embeddable":true,"href":"https:\/\/testosteron-eu.com\/de\/wp-json\/wp\/v2\/media\/7702"}],"wp:attachment":[{"href":"https:\/\/testosteron-eu.com\/de\/wp-json\/wp\/v2\/media?parent=7697"}],"wp:term":[{"taxonomy":"product_cat","embeddable":true,"href":"https:\/\/testosteron-eu.com\/de\/wp-json\/wp\/v2\/product_cat?post=7697"},{"taxonomy":"product_tag","embeddable":true,"href":"https:\/\/testosteron-eu.com\/de\/wp-json\/wp\/v2\/product_tag?post=7697"}],"curies":[{"name":"wp","href":"https:\/\/api.w.org\/{rel}","templated":true}]}}