{"id":7723,"date":"2025-04-04T01:15:49","date_gmt":"2025-04-03T23:15:49","guid":{"rendered":"https:\/\/testosteron-eu.com\/?post_type=product&#038;p=7723"},"modified":"2025-04-04T01:17:29","modified_gmt":"2025-04-03T23:17:29","slug":"testosterone-propionate-somatrop-lab","status":"publish","type":"product","link":"https:\/\/testosteron-eu.com\/de\/produkt\/testosterone-propionate-somatrop-lab\/","title":{"rendered":"Testosterone Propionate Somatrop-Lab"},"content":{"rendered":"<p>Aufgrund seines kurzen Esters sind h\u00e4ufigere Injektionen erforderlich, erm\u00f6glichen jedoch eine schnellere Dosierungsanpassung. Es steigert die Stickstoffretention und Proteinsynthese und f\u00f6rdert so rasche Zuw\u00e4chse an Gr\u00f6\u00dfe und Kraft. Das macht es in Di\u00e4tphasen beliebt oder f\u00fcr Anwender, die eine pr\u00e4zise Hormonsteuerung bevorzugen.<\/p>\n","protected":false},"excerpt":{"rendered":"<p>Testosterone Propionate von Somatrop-Lab ist ein schnell wirkendes anaboles Steroid, das f\u00fcr seine starken Auswirkungen auf Muskelwachstum, Kraft und die allgemeine k\u00f6rperliche Leistungsf\u00e4higkeit bekannt ist.<\/p>\n","protected":false},"featured_media":7728,"comment_status":"open","ping_status":"closed","template":"","meta":[],"product_cat":[202],"product_tag":[],"class_list":{"0":"post-7723","1":"product","2":"type-product","3":"status-publish","4":"has-post-thumbnail","6":"product_cat-injizierbare-steroide-de","8":"first","9":"instock","10":"shipping-taxable","11":"purchasable","12":"product-type-simple"},"_links":{"self":[{"href":"https:\/\/testosteron-eu.com\/de\/wp-json\/wp\/v2\/product\/7723","targetHints":{"allow":["GET"]}}],"collection":[{"href":"https:\/\/testosteron-eu.com\/de\/wp-json\/wp\/v2\/product"}],"about":[{"href":"https:\/\/testosteron-eu.com\/de\/wp-json\/wp\/v2\/types\/product"}],"replies":[{"embeddable":true,"href":"https:\/\/testosteron-eu.com\/de\/wp-json\/wp\/v2\/comments?post=7723"}],"wp:featuredmedia":[{"embeddable":true,"href":"https:\/\/testosteron-eu.com\/de\/wp-json\/wp\/v2\/media\/7728"}],"wp:attachment":[{"href":"https:\/\/testosteron-eu.com\/de\/wp-json\/wp\/v2\/media?parent=7723"}],"wp:term":[{"taxonomy":"product_cat","embeddable":true,"href":"https:\/\/testosteron-eu.com\/de\/wp-json\/wp\/v2\/product_cat?post=7723"},{"taxonomy":"product_tag","embeddable":true,"href":"https:\/\/testosteron-eu.com\/de\/wp-json\/wp\/v2\/product_tag?post=7723"}],"curies":[{"name":"wp","href":"https:\/\/api.w.org\/{rel}","templated":true}]}}