{"id":7792,"date":"2025-04-04T01:59:07","date_gmt":"2025-04-03T23:59:07","guid":{"rendered":"https:\/\/testosteron-eu.com\/?post_type=product&#038;p=7792"},"modified":"2025-04-04T02:02:08","modified_gmt":"2025-04-04T00:02:08","slug":"somatropin-powder-333mg-10vials-androlex","status":"publish","type":"product","link":"https:\/\/testosteron-eu.com\/de\/produkt\/somatropin-powder-333mg-10vials-androlex\/","title":{"rendered":"Somatropin Powder 33,3mg\/10vials Androlex"},"content":{"rendered":"<p>Somatropin-Pulver f\u00f6rdert eine verbesserte Proteinsynthese, beschleunigt die Regeneration und tr\u00e4gt zu einer vorteilhaften K\u00f6rperzusammensetzung bei. Aufgrund seiner starken anabolen Wirkung wird es h\u00e4ufig eingesetzt, um Muskelreparatur und -regeneration zu unterst\u00fctzen und Sportlern sowie Fitnessbegeisterten zu helfen, ihre Ziele effizienter zu erreichen.<\/p>\n","protected":false},"excerpt":{"rendered":"<p>Somatropin-Pulver von Androlex ist ein hochwertiges Wachstumshormonprodukt, das die Muskelentwicklung, den Fettabbau und die gesamte k\u00f6rperliche Leistungsf\u00e4higkeit unterst\u00fctzt.<\/p>\n","protected":false},"featured_media":7797,"comment_status":"open","ping_status":"closed","template":"","meta":[],"product_cat":[201],"product_tag":[],"class_list":{"0":"post-7792","1":"product","2":"type-product","3":"status-publish","4":"has-post-thumbnail","6":"product_cat-hgh-de","8":"first","9":"instock","10":"shipping-taxable","11":"purchasable","12":"product-type-simple"},"_links":{"self":[{"href":"https:\/\/testosteron-eu.com\/de\/wp-json\/wp\/v2\/product\/7792","targetHints":{"allow":["GET"]}}],"collection":[{"href":"https:\/\/testosteron-eu.com\/de\/wp-json\/wp\/v2\/product"}],"about":[{"href":"https:\/\/testosteron-eu.com\/de\/wp-json\/wp\/v2\/types\/product"}],"replies":[{"embeddable":true,"href":"https:\/\/testosteron-eu.com\/de\/wp-json\/wp\/v2\/comments?post=7792"}],"wp:featuredmedia":[{"embeddable":true,"href":"https:\/\/testosteron-eu.com\/de\/wp-json\/wp\/v2\/media\/7797"}],"wp:attachment":[{"href":"https:\/\/testosteron-eu.com\/de\/wp-json\/wp\/v2\/media?parent=7792"}],"wp:term":[{"taxonomy":"product_cat","embeddable":true,"href":"https:\/\/testosteron-eu.com\/de\/wp-json\/wp\/v2\/product_cat?post=7792"},{"taxonomy":"product_tag","embeddable":true,"href":"https:\/\/testosteron-eu.com\/de\/wp-json\/wp\/v2\/product_tag?post=7792"}],"curies":[{"name":"wp","href":"https:\/\/api.w.org\/{rel}","templated":true}]}}