{"id":8461,"date":"2025-05-14T10:17:37","date_gmt":"2025-05-14T08:17:37","guid":{"rendered":"https:\/\/testosteron-eu.com\/?post_type=product&#038;p=8461"},"modified":"2025-05-14T10:21:41","modified_gmt":"2025-05-14T08:21:41","slug":"boldenone-boldenone-undecylenate-300-mg-ml-ortesa","status":"publish","type":"product","link":"https:\/\/testosteron-eu.com\/de\/produkt\/boldenone-boldenone-undecylenate-300-mg-ml-ortesa\/","title":{"rendered":"Boldenone Boldenone Undecylenate 300 mg\/ml Ortesa"},"content":{"rendered":"<p>Boldenone (Boldenone Undecylenate) ist eine hochwertige Formulierung, die boosts lean muscle growth, improves appetite and enhances endurance. Es wird von leistungsorientierten Anwendern gesch\u00e4tzt, um Kraft, Ausdauer, Muskeldefinition und k\u00f6rperliche Transformation zu f\u00f6rdern.<\/p>\n","protected":false},"excerpt":{"rendered":"<p>Steigern Sie Ihre Leistung mit Boldenone von Ortesa. Entwickelt f\u00fcr Sportler, die h\u00f6chste Leistung und eine beeindruckende K\u00f6rperform anstreben.<\/p>\n","protected":false},"featured_media":8311,"comment_status":"open","ping_status":"closed","template":"","meta":[],"product_cat":[202],"product_tag":[],"class_list":{"0":"post-8461","1":"product","2":"type-product","3":"status-publish","4":"has-post-thumbnail","6":"product_cat-injizierbare-steroide-de","8":"first","9":"instock","10":"shipping-taxable","11":"purchasable","12":"product-type-simple"},"_links":{"self":[{"href":"https:\/\/testosteron-eu.com\/de\/wp-json\/wp\/v2\/product\/8461","targetHints":{"allow":["GET"]}}],"collection":[{"href":"https:\/\/testosteron-eu.com\/de\/wp-json\/wp\/v2\/product"}],"about":[{"href":"https:\/\/testosteron-eu.com\/de\/wp-json\/wp\/v2\/types\/product"}],"replies":[{"embeddable":true,"href":"https:\/\/testosteron-eu.com\/de\/wp-json\/wp\/v2\/comments?post=8461"}],"wp:featuredmedia":[{"embeddable":true,"href":"https:\/\/testosteron-eu.com\/de\/wp-json\/wp\/v2\/media\/8311"}],"wp:attachment":[{"href":"https:\/\/testosteron-eu.com\/de\/wp-json\/wp\/v2\/media?parent=8461"}],"wp:term":[{"taxonomy":"product_cat","embeddable":true,"href":"https:\/\/testosteron-eu.com\/de\/wp-json\/wp\/v2\/product_cat?post=8461"},{"taxonomy":"product_tag","embeddable":true,"href":"https:\/\/testosteron-eu.com\/de\/wp-json\/wp\/v2\/product_tag?post=8461"}],"curies":[{"name":"wp","href":"https:\/\/api.w.org\/{rel}","templated":true}]}}