{"id":8557,"date":"2025-05-14T10:49:34","date_gmt":"2025-05-14T08:49:34","guid":{"rendered":"https:\/\/testosteron-eu.com\/?post_type=product&#038;p=8557"},"modified":"2025-05-14T10:51:04","modified_gmt":"2025-05-14T08:51:04","slug":"nandro-p-nandrolone-phenylpropionate-100-mg-ml-ortesa","status":"publish","type":"product","link":"https:\/\/testosteron-eu.com\/de\/produkt\/nandro-p-nandrolone-phenylpropionate-100-mg-ml-ortesa\/","title":{"rendered":"Nandro P Nandrolone Phenylpropionate 100 mg\/ml Ortesa"},"content":{"rendered":"<p>Nandro P (Nandrolone Phenylpropionate) ist eine hochwertige Formulierung, die delivers fast-acting muscle growth and recovery support. Es wird von leistungsorientierten Anwendern gesch\u00e4tzt, um Kraft, Ausdauer, Muskeldefinition und k\u00f6rperliche Transformation zu f\u00f6rdern.<\/p>\n","protected":false},"excerpt":{"rendered":"<p>Steigern Sie Ihre Leistung mit Nandro P von Ortesa. Entwickelt f\u00fcr Sportler, die h\u00f6chste Leistung und eine beeindruckende K\u00f6rperform anstreben.<\/p>\n","protected":false},"featured_media":8321,"comment_status":"open","ping_status":"closed","template":"","meta":[],"product_cat":[202],"product_tag":[],"class_list":{"0":"post-8557","1":"product","2":"type-product","3":"status-publish","4":"has-post-thumbnail","6":"product_cat-injizierbare-steroide-de","8":"first","9":"instock","10":"shipping-taxable","11":"purchasable","12":"product-type-simple"},"_links":{"self":[{"href":"https:\/\/testosteron-eu.com\/de\/wp-json\/wp\/v2\/product\/8557","targetHints":{"allow":["GET"]}}],"collection":[{"href":"https:\/\/testosteron-eu.com\/de\/wp-json\/wp\/v2\/product"}],"about":[{"href":"https:\/\/testosteron-eu.com\/de\/wp-json\/wp\/v2\/types\/product"}],"replies":[{"embeddable":true,"href":"https:\/\/testosteron-eu.com\/de\/wp-json\/wp\/v2\/comments?post=8557"}],"wp:featuredmedia":[{"embeddable":true,"href":"https:\/\/testosteron-eu.com\/de\/wp-json\/wp\/v2\/media\/8321"}],"wp:attachment":[{"href":"https:\/\/testosteron-eu.com\/de\/wp-json\/wp\/v2\/media?parent=8557"}],"wp:term":[{"taxonomy":"product_cat","embeddable":true,"href":"https:\/\/testosteron-eu.com\/de\/wp-json\/wp\/v2\/product_cat?post=8557"},{"taxonomy":"product_tag","embeddable":true,"href":"https:\/\/testosteron-eu.com\/de\/wp-json\/wp\/v2\/product_tag?post=8557"}],"curies":[{"name":"wp","href":"https:\/\/api.w.org\/{rel}","templated":true}]}}