{"id":8625,"date":"2025-05-14T11:34:46","date_gmt":"2025-05-14T09:34:46","guid":{"rendered":"https:\/\/testosteron-eu.com\/?post_type=product&#038;p=8625"},"modified":"2025-05-14T11:37:26","modified_gmt":"2025-05-14T09:37:26","slug":"cut-mix-ortesa","status":"publish","type":"product","link":"https:\/\/testosteron-eu.com\/de\/produkt\/cut-mix-ortesa\/","title":{"rendered":"Cut Mix Ortesa"},"content":{"rendered":"<p>Cut Mix (Trenbolone Acetate 50 mg\/ml Drostanolone Propionate 50 mg\/ml Testosterone Propionate 100 mg\/ml) ist eine hochwertige Formulierung, die optimizes cutting, hardness, and vascularity. Es wird von leistungsorientierten Anwendern gesch\u00e4tzt, um Kraft, Ausdauer, Muskeldefinition und k\u00f6rperliche Transformation zu f\u00f6rdern.<\/p>\n","protected":false},"excerpt":{"rendered":"<p>Steigern Sie Ihre Leistung mit Cut Mix von Ortesa. Entwickelt f\u00fcr Sportler, die h\u00f6chste Leistung und eine beeindruckende K\u00f6rperform anstreben.<\/p>\n","protected":false},"featured_media":8316,"comment_status":"open","ping_status":"closed","template":"","meta":[],"product_cat":[202],"product_tag":[],"class_list":{"0":"post-8625","1":"product","2":"type-product","3":"status-publish","4":"has-post-thumbnail","6":"product_cat-injizierbare-steroide-de","8":"first","9":"instock","10":"shipping-taxable","11":"purchasable","12":"product-type-simple"},"_links":{"self":[{"href":"https:\/\/testosteron-eu.com\/de\/wp-json\/wp\/v2\/product\/8625","targetHints":{"allow":["GET"]}}],"collection":[{"href":"https:\/\/testosteron-eu.com\/de\/wp-json\/wp\/v2\/product"}],"about":[{"href":"https:\/\/testosteron-eu.com\/de\/wp-json\/wp\/v2\/types\/product"}],"replies":[{"embeddable":true,"href":"https:\/\/testosteron-eu.com\/de\/wp-json\/wp\/v2\/comments?post=8625"}],"wp:featuredmedia":[{"embeddable":true,"href":"https:\/\/testosteron-eu.com\/de\/wp-json\/wp\/v2\/media\/8316"}],"wp:attachment":[{"href":"https:\/\/testosteron-eu.com\/de\/wp-json\/wp\/v2\/media?parent=8625"}],"wp:term":[{"taxonomy":"product_cat","embeddable":true,"href":"https:\/\/testosteron-eu.com\/de\/wp-json\/wp\/v2\/product_cat?post=8625"},{"taxonomy":"product_tag","embeddable":true,"href":"https:\/\/testosteron-eu.com\/de\/wp-json\/wp\/v2\/product_tag?post=8625"}],"curies":[{"name":"wp","href":"https:\/\/api.w.org\/{rel}","templated":true}]}}