{"id":8683,"date":"2025-05-14T12:07:23","date_gmt":"2025-05-14T10:07:23","guid":{"rendered":"https:\/\/testosteron-eu.com\/?post_type=product&#038;p=8683"},"modified":"2025-05-14T12:08:58","modified_gmt":"2025-05-14T10:08:58","slug":"ghrp-6-10-mg-vial-selliza","status":"publish","type":"product","link":"https:\/\/testosteron-eu.com\/de\/produkt\/ghrp-6-10-mg-vial-selliza\/","title":{"rendered":"GHRP-6 10 mg\/vial Selliza"},"content":{"rendered":"<p>GHRP6 f\u00f6rdert die nat\u00fcrliche HGH-Aussch\u00fcttung f\u00fcr Muskelzuwachs und schnellere Erholung. It is widely appreciated by bodybuilders and athletes for its synergistic role in promoting appetite, recovery, and lean gains.<\/p>\n","protected":false},"excerpt":{"rendered":"<p>Wachstum und Regeneration f\u00f6rdern mit GHRP6.  Stimulate your body\u2019s growth hormone for improved gains and appetite support.<\/p>\n","protected":false},"featured_media":8416,"comment_status":"open","ping_status":"closed","template":"","meta":[],"product_cat":[201,205],"product_tag":[],"class_list":{"0":"post-8683","1":"product","2":"type-product","3":"status-publish","4":"has-post-thumbnail","6":"product_cat-hgh-de","7":"product_cat-peptide-de","9":"first","10":"instock","11":"shipping-taxable","12":"purchasable","13":"product-type-simple"},"_links":{"self":[{"href":"https:\/\/testosteron-eu.com\/de\/wp-json\/wp\/v2\/product\/8683","targetHints":{"allow":["GET"]}}],"collection":[{"href":"https:\/\/testosteron-eu.com\/de\/wp-json\/wp\/v2\/product"}],"about":[{"href":"https:\/\/testosteron-eu.com\/de\/wp-json\/wp\/v2\/types\/product"}],"replies":[{"embeddable":true,"href":"https:\/\/testosteron-eu.com\/de\/wp-json\/wp\/v2\/comments?post=8683"}],"wp:featuredmedia":[{"embeddable":true,"href":"https:\/\/testosteron-eu.com\/de\/wp-json\/wp\/v2\/media\/8416"}],"wp:attachment":[{"href":"https:\/\/testosteron-eu.com\/de\/wp-json\/wp\/v2\/media?parent=8683"}],"wp:term":[{"taxonomy":"product_cat","embeddable":true,"href":"https:\/\/testosteron-eu.com\/de\/wp-json\/wp\/v2\/product_cat?post=8683"},{"taxonomy":"product_tag","embeddable":true,"href":"https:\/\/testosteron-eu.com\/de\/wp-json\/wp\/v2\/product_tag?post=8683"}],"curies":[{"name":"wp","href":"https:\/\/api.w.org\/{rel}","templated":true}]}}