{"id":8692,"date":"2025-05-14T12:09:39","date_gmt":"2025-05-14T10:09:39","guid":{"rendered":"https:\/\/testosteron-eu.com\/?post_type=product&#038;p=8692"},"modified":"2025-05-14T12:11:32","modified_gmt":"2025-05-14T10:11:32","slug":"hexarelin-acetate-5-mg-vial-selliza","status":"publish","type":"product","link":"https:\/\/testosteron-eu.com\/de\/produkt\/hexarelin-acetate-5-mg-vial-selliza\/","title":{"rendered":"Hexarelin Acetate 5 mg\/vial Selliza"},"content":{"rendered":"<p>Hexarelin erh\u00f6ht die nat\u00fcrliche HGH-Aussch\u00fcttung und f\u00f6rdert Muskelkraft sowie Fettabbau. Its powerful growth-promoting effects make it popular among advanced users looking to break plateaus and improve physical conditioning.<\/p>\n","protected":false},"excerpt":{"rendered":"<p>Aktivieren Sie Ihr Wachstumspotenzial mit Hexarelin.  Maximize your strength, recovery, and physical development naturally.<\/p>\n","protected":false},"featured_media":8426,"comment_status":"open","ping_status":"closed","template":"","meta":[],"product_cat":[201,205],"product_tag":[],"class_list":{"0":"post-8692","1":"product","2":"type-product","3":"status-publish","4":"has-post-thumbnail","6":"product_cat-hgh-de","7":"product_cat-peptide-de","9":"first","10":"instock","11":"shipping-taxable","12":"purchasable","13":"product-type-simple"},"_links":{"self":[{"href":"https:\/\/testosteron-eu.com\/de\/wp-json\/wp\/v2\/product\/8692","targetHints":{"allow":["GET"]}}],"collection":[{"href":"https:\/\/testosteron-eu.com\/de\/wp-json\/wp\/v2\/product"}],"about":[{"href":"https:\/\/testosteron-eu.com\/de\/wp-json\/wp\/v2\/types\/product"}],"replies":[{"embeddable":true,"href":"https:\/\/testosteron-eu.com\/de\/wp-json\/wp\/v2\/comments?post=8692"}],"wp:featuredmedia":[{"embeddable":true,"href":"https:\/\/testosteron-eu.com\/de\/wp-json\/wp\/v2\/media\/8426"}],"wp:attachment":[{"href":"https:\/\/testosteron-eu.com\/de\/wp-json\/wp\/v2\/media?parent=8692"}],"wp:term":[{"taxonomy":"product_cat","embeddable":true,"href":"https:\/\/testosteron-eu.com\/de\/wp-json\/wp\/v2\/product_cat?post=8692"},{"taxonomy":"product_tag","embeddable":true,"href":"https:\/\/testosteron-eu.com\/de\/wp-json\/wp\/v2\/product_tag?post=8692"}],"curies":[{"name":"wp","href":"https:\/\/api.w.org\/{rel}","templated":true}]}}