{"id":8746,"date":"2025-05-14T12:23:49","date_gmt":"2025-05-14T10:23:49","guid":{"rendered":"https:\/\/testosteron-eu.com\/?post_type=product&#038;p=8746"},"modified":"2025-05-14T12:25:22","modified_gmt":"2025-05-14T10:25:22","slug":"hcg-5000-iu-5-mg-vial-selliza","status":"publish","type":"product","link":"https:\/\/testosteron-eu.com\/de\/produkt\/hcg-5000-iu-5-mg-vial-selliza\/","title":{"rendered":"HCG (5000 IU) 5 mg\/vial Selliza"},"content":{"rendered":"<p>HCG unterst\u00fctzt die nat\u00fcrliche Testosteronproduktion f\u00fcr Vitalit\u00e4t. Widely used in hormone optimization protocols, it helps maintain natural testosterone production and supports fertility and energy balance.<\/p>\n","protected":false},"excerpt":{"rendered":"<p>Hormonelles Gleichgewicht f\u00f6rdern mit HCG.  Rebalance hormones and restore natural energy and vitality.<\/p>\n","protected":false},"featured_media":8421,"comment_status":"open","ping_status":"closed","template":"","meta":[],"product_cat":[206,209],"product_tag":[],"class_list":{"0":"post-8746","1":"product","2":"type-product","3":"status-publish","4":"has-post-thumbnail","6":"product_cat-post-cycle-therapie-de","7":"product_cat-sexuelle-gesundheit-de","9":"first","10":"instock","11":"shipping-taxable","12":"purchasable","13":"product-type-simple"},"_links":{"self":[{"href":"https:\/\/testosteron-eu.com\/de\/wp-json\/wp\/v2\/product\/8746","targetHints":{"allow":["GET"]}}],"collection":[{"href":"https:\/\/testosteron-eu.com\/de\/wp-json\/wp\/v2\/product"}],"about":[{"href":"https:\/\/testosteron-eu.com\/de\/wp-json\/wp\/v2\/types\/product"}],"replies":[{"embeddable":true,"href":"https:\/\/testosteron-eu.com\/de\/wp-json\/wp\/v2\/comments?post=8746"}],"wp:featuredmedia":[{"embeddable":true,"href":"https:\/\/testosteron-eu.com\/de\/wp-json\/wp\/v2\/media\/8421"}],"wp:attachment":[{"href":"https:\/\/testosteron-eu.com\/de\/wp-json\/wp\/v2\/media?parent=8746"}],"wp:term":[{"taxonomy":"product_cat","embeddable":true,"href":"https:\/\/testosteron-eu.com\/de\/wp-json\/wp\/v2\/product_cat?post=8746"},{"taxonomy":"product_tag","embeddable":true,"href":"https:\/\/testosteron-eu.com\/de\/wp-json\/wp\/v2\/product_tag?post=8746"}],"curies":[{"name":"wp","href":"https:\/\/api.w.org\/{rel}","templated":true}]}}