{"id":9301,"date":"2025-09-04T01:56:09","date_gmt":"2025-09-03T23:56:09","guid":{"rendered":"https:\/\/testosteron-eu.com\/?post_type=product&#038;p=9301"},"modified":"2025-09-04T01:57:54","modified_gmt":"2025-09-03T23:57:54","slug":"somaliq-pen-somatropin-60iu-sunsci","status":"publish","type":"product","link":"https:\/\/testosteron-eu.com\/de\/produkt\/somaliq-pen-somatropin-60iu-sunsci\/","title":{"rendered":"Somaliq Pen Somatropin 60IU SunSci"},"content":{"rendered":"<p>Somaliq Pen Somatropin 60IU SunSci setzt neue Ma\u00dfst\u00e4be in moderner Gesundheitsunterst\u00fctzung. Mit h\u00f6chster Pr\u00e4zision entwickelt und unter strengen Qualit\u00e4tsstandards hergestellt, vereint es Reinheit, Wirksamkeit und Zuverl\u00e4ssigkeit. Jede Anwendung ist auf sp\u00fcrbare Resultate und nachhaltigen Fortschritt ausgelegt. Der innovative Pen bietet nicht nur Komfort und einfache Anwendung, sondern auch maximale Sicherheit. Perfekt f\u00fcr alle, die Wert auf Regeneration, Vitalit\u00e4t und konstante Leistungssteigerung legen. Mit Somaliq Pen Somatropin 60IU entscheiden Sie sich f\u00fcr Fortschritt, Premiumqualit\u00e4t und die vertrauensvolle Expertise von SunSci.<\/p>\n","protected":false},"excerpt":{"rendered":"<p>Somaliq Pen Somatropin 60IU von SunSci steht f\u00fcr h\u00f6chste Qualit\u00e4t und Innovation. Entwickelt f\u00fcr Leistung und sichtbare Ergebnisse, unterst\u00fctzt es Regeneration, Vitalit\u00e4t und Fortschritt auf h\u00f6chstem Niveau.<\/p>\n","protected":false},"featured_media":9305,"comment_status":"open","ping_status":"closed","template":"","meta":[],"product_cat":[201],"product_tag":[],"class_list":{"0":"post-9301","1":"product","2":"type-product","3":"status-publish","4":"has-post-thumbnail","6":"product_cat-hgh-de","8":"first","9":"instock","10":"shipping-taxable","11":"purchasable","12":"product-type-simple"},"_links":{"self":[{"href":"https:\/\/testosteron-eu.com\/de\/wp-json\/wp\/v2\/product\/9301","targetHints":{"allow":["GET"]}}],"collection":[{"href":"https:\/\/testosteron-eu.com\/de\/wp-json\/wp\/v2\/product"}],"about":[{"href":"https:\/\/testosteron-eu.com\/de\/wp-json\/wp\/v2\/types\/product"}],"replies":[{"embeddable":true,"href":"https:\/\/testosteron-eu.com\/de\/wp-json\/wp\/v2\/comments?post=9301"}],"wp:featuredmedia":[{"embeddable":true,"href":"https:\/\/testosteron-eu.com\/de\/wp-json\/wp\/v2\/media\/9305"}],"wp:attachment":[{"href":"https:\/\/testosteron-eu.com\/de\/wp-json\/wp\/v2\/media?parent=9301"}],"wp:term":[{"taxonomy":"product_cat","embeddable":true,"href":"https:\/\/testosteron-eu.com\/de\/wp-json\/wp\/v2\/product_cat?post=9301"},{"taxonomy":"product_tag","embeddable":true,"href":"https:\/\/testosteron-eu.com\/de\/wp-json\/wp\/v2\/product_tag?post=9301"}],"curies":[{"name":"wp","href":"https:\/\/api.w.org\/{rel}","templated":true}]}}