{"id":1487,"date":"2023-06-06T11:00:13","date_gmt":"2023-06-06T10:00:13","guid":{"rendered":"https:\/\/testosteron-eu.com\/about-us\/"},"modified":"2024-10-08T16:19:38","modified_gmt":"2024-10-08T15:19:38","slug":"sobre-nosotros","status":"publish","type":"page","link":"https:\/\/testosteron-eu.com\/es\/sobre-nosotros\/","title":{"rendered":"Sobre nosotros"},"content":{"rendered":"<div class=\"wpb-content-wrapper\"><p>[vc_row][vc_column]\t\t<div id=\"wd-67054cc8337c7\" class=\"wd-text-block wd-wpb reset-last-child wd-rs-67054cc8337c7 text-left \">\n\t\t\t<h2>Conozca m\u00e1s sobre nosotros<\/h2>\n<p>Durante m\u00e1s de 9 a\u00f1os, nos hemos establecido con \u00e9xito en el mercado, gan\u00e1ndonos la reputaci\u00f3n de ser un socio fiable y competente. Nuestra experiencia y dedicaci\u00f3n nos han permitido construir una base de clientes leal que conf\u00eda en nuestra experiencia y servicio.<\/p>\n<p>Somos un equipo de especialistas dedicados que no solo venden productos, sino que tambi\u00e9n tienen un conocimiento profundo de la gama que ofrecemos. Nuestro objetivo es proporcionar a nuestros clientes el mejor asesoramiento y apoyo posible, asegur\u00e1ndonos de que encuentren exactamente lo que necesitan.<\/p>\n<p>Damos gran importancia a la calidad de nuestros servicios y productos. Por eso garantizamos asesoramiento calificado, entrega r\u00e1pida y gratuita, y productos de la m\u00e1s alta calidad. Nuestra amplia gama incluye 14 marcas reconocidas que cubren todas sus necesidades.<\/p>\n<p>En nuestra selecci\u00f3n, encontrar\u00e1 una amplia variedad de productos, incluidos esteroides anab\u00f3licos, productos de testosterona, SARMs, p\u00e9ptidos, hormonas de crecimiento, vitaminas, quemadores de grasa y agentes protectores para el cuerpo durante los ciclos. Cada producto es cuidadosamente seleccionado y probado para garantizar que cumpla con los m\u00e1s altos est\u00e1ndares.<\/p>\n<p>Nuestra misi\u00f3n no es solo ofrecerle productos de alta calidad, sino tambi\u00e9n proporcionar un excelente servicio al cliente. Nuestro equipo siempre est\u00e1 disponible para responder a sus preguntas y ayudarle a elegir los productos adecuados. Conf\u00ede en nuestra experiencia y conocimientos: estamos aqu\u00ed para ayudarle a alcanzar sus metas y superar sus expectativas.<\/p>\n<p>Esperamos poder darle la bienvenida y ofrecerle los mejores productos y servicios del mercado. Vis\u00edtenos y experimente la diferencia que puede hacer nuestro compromiso y pasi\u00f3n.<\/p>\n\t\t<\/div>\n\t\t[\/vc_column][\/vc_row]<\/p>\n<\/div>","protected":false},"excerpt":{"rendered":"<p>[vc_row][vc_column][\/vc_column][\/vc_row]<\/p>\n","protected":false},"author":1,"featured_media":0,"parent":0,"menu_order":0,"comment_status":"closed","ping_status":"closed","template":"","meta":{"footnotes":""},"class_list":["post-1487","page","type-page","status-publish","hentry"],"_links":{"self":[{"href":"https:\/\/testosteron-eu.com\/es\/wp-json\/wp\/v2\/pages\/1487","targetHints":{"allow":["GET"]}}],"collection":[{"href":"https:\/\/testosteron-eu.com\/es\/wp-json\/wp\/v2\/pages"}],"about":[{"href":"https:\/\/testosteron-eu.com\/es\/wp-json\/wp\/v2\/types\/page"}],"author":[{"embeddable":true,"href":"https:\/\/testosteron-eu.com\/es\/wp-json\/wp\/v2\/users\/1"}],"replies":[{"embeddable":true,"href":"https:\/\/testosteron-eu.com\/es\/wp-json\/wp\/v2\/comments?post=1487"}],"version-history":[{"count":2,"href":"https:\/\/testosteron-eu.com\/es\/wp-json\/wp\/v2\/pages\/1487\/revisions"}],"predecessor-version":[{"id":1493,"href":"https:\/\/testosteron-eu.com\/es\/wp-json\/wp\/v2\/pages\/1487\/revisions\/1493"}],"wp:attachment":[{"href":"https:\/\/testosteron-eu.com\/es\/wp-json\/wp\/v2\/media?parent=1487"}],"curies":[{"name":"wp","href":"https:\/\/api.w.org\/{rel}","templated":true}]}}