{"id":6962,"date":"2025-02-16T00:10:22","date_gmt":"2025-02-15T23:10:22","guid":{"rendered":"https:\/\/testosteron-eu.com\/?post_type=product&#038;p=6962"},"modified":"2025-02-16T00:13:37","modified_gmt":"2025-02-15T23:13:37","slug":"clomid-50-elbrus-pharmaceuticals","status":"publish","type":"product","link":"https:\/\/testosteron-eu.com\/es\/producto\/clomid-50-elbrus-pharmaceuticals\/","title":{"rendered":"Clomid 50 &#8211; Elbrus Pharmaceuticals"},"content":{"rendered":"<p>Clomid 50 (Clomifeno) se usa ampliamente en el culturismo para estimular la s\u00edntesis de testosterona y promover el crecimiento muscular. Esencial para la recuperaci\u00f3n post-ciclo.<\/p>\n","protected":false},"excerpt":{"rendered":"<p>Clomid 50 (Clomifeno) es un suplemento ampliamente utilizado en el culturismo para estimular la producci\u00f3n natural de testosterona. Al aumentar los niveles de testosterona, favorece el desarrollo muscular y ayuda a restaurar el equilibrio hormonal despu\u00e9s de un ciclo de esteroides. Es un componente esencial de la terapia post-ciclo (PCT) para mantener las ganancias y evitar desequilibrios hormonales. Dosis recomendada: Seg\u00fan prescripci\u00f3n m\u00e9dica.<\/p>\n","protected":false},"featured_media":6952,"comment_status":"open","ping_status":"closed","template":"","meta":[],"product_cat":[232],"product_tag":[],"class_list":{"0":"post-6962","1":"product","2":"type-product","3":"status-publish","4":"has-post-thumbnail","6":"product_cat-terapia-post-ciclo-es","8":"first","9":"instock","10":"shipping-taxable","11":"purchasable","12":"product-type-simple"},"_links":{"self":[{"href":"https:\/\/testosteron-eu.com\/es\/wp-json\/wp\/v2\/product\/6962","targetHints":{"allow":["GET"]}}],"collection":[{"href":"https:\/\/testosteron-eu.com\/es\/wp-json\/wp\/v2\/product"}],"about":[{"href":"https:\/\/testosteron-eu.com\/es\/wp-json\/wp\/v2\/types\/product"}],"replies":[{"embeddable":true,"href":"https:\/\/testosteron-eu.com\/es\/wp-json\/wp\/v2\/comments?post=6962"}],"wp:featuredmedia":[{"embeddable":true,"href":"https:\/\/testosteron-eu.com\/es\/wp-json\/wp\/v2\/media\/6952"}],"wp:attachment":[{"href":"https:\/\/testosteron-eu.com\/es\/wp-json\/wp\/v2\/media?parent=6962"}],"wp:term":[{"taxonomy":"product_cat","embeddable":true,"href":"https:\/\/testosteron-eu.com\/es\/wp-json\/wp\/v2\/product_cat?post=6962"},{"taxonomy":"product_tag","embeddable":true,"href":"https:\/\/testosteron-eu.com\/es\/wp-json\/wp\/v2\/product_tag?post=6962"}],"curies":[{"name":"wp","href":"https:\/\/api.w.org\/{rel}","templated":true}]}}