{"id":7204,"date":"2025-02-28T18:45:26","date_gmt":"2025-02-28T17:45:26","guid":{"rendered":"https:\/\/testosteron-eu.com\/?post_type=product&#038;p=7204"},"modified":"2025-03-01T01:13:31","modified_gmt":"2025-03-01T00:13:31","slug":"semalgid-4mg-semaglutide-new-generation-pharma","status":"publish","type":"product","link":"https:\/\/testosteron-eu.com\/es\/producto\/semalgid-4mg-semaglutide-new-generation-pharma\/","title":{"rendered":"Semalgid 4mg (Semaglutide) New Generation Pharma"},"content":{"rendered":"<p>Semalgid 4mg (Semaglutide) de New Generation Pharma es un agonista del receptor GLP-1 que imita las hormonas naturales del cuerpo para controlar el apetito, mejorar la sensibilidad a la insulina y favorecer la p\u00e9rdida de peso a largo plazo. Originalmente desarrollado para la diabetes tipo 2, Semaglutida es ampliamente reconocido por su capacidad para reducir la ingesta cal\u00f3rica y optimizar el metabolismo.<\/p>\n","protected":false},"excerpt":{"rendered":"<p>Consigue una p\u00e9rdida de peso sostenible y mejora tu salud metab\u00f3lica con Semalgid 4mg (Semaglutide) de New Generation Pharma. Un avanzado agonista del receptor GLP-1 dise\u00f1ado para controlar el apetito y optimizar la gesti\u00f3n del peso a largo plazo.<\/p>\n","protected":false},"featured_media":7209,"comment_status":"open","ping_status":"closed","template":"","meta":[],"product_cat":[226],"product_tag":[],"class_list":{"0":"post-7204","1":"product","2":"type-product","3":"status-publish","4":"has-post-thumbnail","6":"product_cat-quemador-de-grasa-es","8":"first","9":"instock","10":"shipping-taxable","11":"purchasable","12":"product-type-simple"},"_links":{"self":[{"href":"https:\/\/testosteron-eu.com\/es\/wp-json\/wp\/v2\/product\/7204","targetHints":{"allow":["GET"]}}],"collection":[{"href":"https:\/\/testosteron-eu.com\/es\/wp-json\/wp\/v2\/product"}],"about":[{"href":"https:\/\/testosteron-eu.com\/es\/wp-json\/wp\/v2\/types\/product"}],"replies":[{"embeddable":true,"href":"https:\/\/testosteron-eu.com\/es\/wp-json\/wp\/v2\/comments?post=7204"}],"wp:featuredmedia":[{"embeddable":true,"href":"https:\/\/testosteron-eu.com\/es\/wp-json\/wp\/v2\/media\/7209"}],"wp:attachment":[{"href":"https:\/\/testosteron-eu.com\/es\/wp-json\/wp\/v2\/media?parent=7204"}],"wp:term":[{"taxonomy":"product_cat","embeddable":true,"href":"https:\/\/testosteron-eu.com\/es\/wp-json\/wp\/v2\/product_cat?post=7204"},{"taxonomy":"product_tag","embeddable":true,"href":"https:\/\/testosteron-eu.com\/es\/wp-json\/wp\/v2\/product_tag?post=7204"}],"curies":[{"name":"wp","href":"https:\/\/api.w.org\/{rel}","templated":true}]}}