{"id":7725,"date":"2025-04-04T01:15:49","date_gmt":"2025-04-03T23:15:49","guid":{"rendered":"https:\/\/testosteron-eu.com\/?post_type=product&#038;p=7725"},"modified":"2025-04-04T01:17:54","modified_gmt":"2025-04-03T23:17:54","slug":"testosterone-propionate-somatrop-lab","status":"publish","type":"product","link":"https:\/\/testosteron-eu.com\/es\/producto\/testosterone-propionate-somatrop-lab\/","title":{"rendered":"Testosterone Propionate Somatrop-Lab"},"content":{"rendered":"<p>Debido a su \u00e9ster corto, Testosterone Propionate requiere inyecciones m\u00e1s frecuentes pero permite ajustes m\u00e1s r\u00e1pidos en la dosificaci\u00f3n. Mejora la retenci\u00f3n de nitr\u00f3geno y la s\u00edntesis de prote\u00ednas, apoyando incrementos r\u00e1pidos en tama\u00f1o y fuerza. Esto lo hace popular en ciclos de corte o para quienes prefieren un manejo m\u00e1s preciso de las hormonas.<\/p>\n","protected":false},"excerpt":{"rendered":"<p>Testosterone Propionate de Somatrop-Lab es un esteroide anab\u00f3lico de acci\u00f3n r\u00e1pida conocido por sus potentes efectos en el crecimiento muscular, la fuerza y el rendimiento f\u00edsico general.<\/p>\n","protected":false},"featured_media":7730,"comment_status":"open","ping_status":"closed","template":"","meta":[],"product_cat":[228],"product_tag":[],"class_list":{"0":"post-7725","1":"product","2":"type-product","3":"status-publish","4":"has-post-thumbnail","6":"product_cat-esteroides-inyectables-es","8":"first","9":"instock","10":"shipping-taxable","11":"purchasable","12":"product-type-simple"},"_links":{"self":[{"href":"https:\/\/testosteron-eu.com\/es\/wp-json\/wp\/v2\/product\/7725","targetHints":{"allow":["GET"]}}],"collection":[{"href":"https:\/\/testosteron-eu.com\/es\/wp-json\/wp\/v2\/product"}],"about":[{"href":"https:\/\/testosteron-eu.com\/es\/wp-json\/wp\/v2\/types\/product"}],"replies":[{"embeddable":true,"href":"https:\/\/testosteron-eu.com\/es\/wp-json\/wp\/v2\/comments?post=7725"}],"wp:featuredmedia":[{"embeddable":true,"href":"https:\/\/testosteron-eu.com\/es\/wp-json\/wp\/v2\/media\/7730"}],"wp:attachment":[{"href":"https:\/\/testosteron-eu.com\/es\/wp-json\/wp\/v2\/media?parent=7725"}],"wp:term":[{"taxonomy":"product_cat","embeddable":true,"href":"https:\/\/testosteron-eu.com\/es\/wp-json\/wp\/v2\/product_cat?post=7725"},{"taxonomy":"product_tag","embeddable":true,"href":"https:\/\/testosteron-eu.com\/es\/wp-json\/wp\/v2\/product_tag?post=7725"}],"curies":[{"name":"wp","href":"https:\/\/api.w.org\/{rel}","templated":true}]}}