{"id":7794,"date":"2025-04-04T01:59:07","date_gmt":"2025-04-03T23:59:07","guid":{"rendered":"https:\/\/testosteron-eu.com\/?post_type=product&#038;p=7794"},"modified":"2025-04-04T02:02:36","modified_gmt":"2025-04-04T00:02:36","slug":"somatropin-powder-333mg-10vials-androlex","status":"publish","type":"product","link":"https:\/\/testosteron-eu.com\/es\/producto\/somatropin-powder-333mg-10vials-androlex\/","title":{"rendered":"Somatropin Powder 33,3mg\/10vials Androlex"},"content":{"rendered":"<p>Somatropin Powder impulsa la s\u00edntesis de prote\u00ednas, mejora la recuperaci\u00f3n y favorece una composici\u00f3n corporal \u00f3ptima. Muy valorado por sus potentes efectos anab\u00f3licos, contribuye a la reparaci\u00f3n y regeneraci\u00f3n muscular, ayudando a atletas y entusiastas del fitness a alcanzar sus metas de manera m\u00e1s eficiente.<\/p>\n","protected":false},"excerpt":{"rendered":"<p>Somatropin Powder de Androlex es un producto de hormona del crecimiento de alta calidad, dise\u00f1ado para respaldar el desarrollo muscular, la p\u00e9rdida de grasa y el rendimiento f\u00edsico en general.<\/p>\n","protected":false},"featured_media":7799,"comment_status":"open","ping_status":"closed","template":"","meta":[],"product_cat":[227],"product_tag":[],"class_list":{"0":"post-7794","1":"product","2":"type-product","3":"status-publish","4":"has-post-thumbnail","6":"product_cat-hgh-es","8":"first","9":"instock","10":"shipping-taxable","11":"purchasable","12":"product-type-simple"},"_links":{"self":[{"href":"https:\/\/testosteron-eu.com\/es\/wp-json\/wp\/v2\/product\/7794","targetHints":{"allow":["GET"]}}],"collection":[{"href":"https:\/\/testosteron-eu.com\/es\/wp-json\/wp\/v2\/product"}],"about":[{"href":"https:\/\/testosteron-eu.com\/es\/wp-json\/wp\/v2\/types\/product"}],"replies":[{"embeddable":true,"href":"https:\/\/testosteron-eu.com\/es\/wp-json\/wp\/v2\/comments?post=7794"}],"wp:featuredmedia":[{"embeddable":true,"href":"https:\/\/testosteron-eu.com\/es\/wp-json\/wp\/v2\/media\/7799"}],"wp:attachment":[{"href":"https:\/\/testosteron-eu.com\/es\/wp-json\/wp\/v2\/media?parent=7794"}],"wp:term":[{"taxonomy":"product_cat","embeddable":true,"href":"https:\/\/testosteron-eu.com\/es\/wp-json\/wp\/v2\/product_cat?post=7794"},{"taxonomy":"product_tag","embeddable":true,"href":"https:\/\/testosteron-eu.com\/es\/wp-json\/wp\/v2\/product_tag?post=7794"}],"curies":[{"name":"wp","href":"https:\/\/api.w.org\/{rel}","templated":true}]}}