{"id":8549,"date":"2025-05-14T10:45:18","date_gmt":"2025-05-14T08:45:18","guid":{"rendered":"https:\/\/testosteron-eu.com\/?post_type=product&#038;p=8549"},"modified":"2025-05-14T10:49:09","modified_gmt":"2025-05-14T08:49:09","slug":"nandro-d-nandrolone-decanoate-250-mg-ml-ortesa","status":"publish","type":"product","link":"https:\/\/testosteron-eu.com\/es\/producto\/nandro-d-nandrolone-decanoate-250-mg-ml-ortesa\/","title":{"rendered":"Nandro D Nandrolone Decanoate 250 mg\/ml Ortesa"},"content":{"rendered":"<p>Nandro D (Nandrolone Decanoate) es una f\u00f3rmula premium que improves joint health, recovery, and lean mass gains. Es reconocido por su eficacia para mejorar fuerza, resistencia, definici\u00f3n muscular y transformaci\u00f3n f\u00edsica integral.<\/p>\n","protected":false},"excerpt":{"rendered":"<p>Mejora tu rendimiento con Nandro D de Ortesa. Ideal para deportistas que desean transformar su f\u00edsico y maximizar su rendimiento.<\/p>\n","protected":false},"featured_media":8328,"comment_status":"open","ping_status":"closed","template":"","meta":[],"product_cat":[228],"product_tag":[],"class_list":{"0":"post-8549","1":"product","2":"type-product","3":"status-publish","4":"has-post-thumbnail","6":"product_cat-esteroides-inyectables-es","8":"first","9":"instock","10":"shipping-taxable","11":"purchasable","12":"product-type-simple"},"_links":{"self":[{"href":"https:\/\/testosteron-eu.com\/es\/wp-json\/wp\/v2\/product\/8549","targetHints":{"allow":["GET"]}}],"collection":[{"href":"https:\/\/testosteron-eu.com\/es\/wp-json\/wp\/v2\/product"}],"about":[{"href":"https:\/\/testosteron-eu.com\/es\/wp-json\/wp\/v2\/types\/product"}],"replies":[{"embeddable":true,"href":"https:\/\/testosteron-eu.com\/es\/wp-json\/wp\/v2\/comments?post=8549"}],"wp:featuredmedia":[{"embeddable":true,"href":"https:\/\/testosteron-eu.com\/es\/wp-json\/wp\/v2\/media\/8328"}],"wp:attachment":[{"href":"https:\/\/testosteron-eu.com\/es\/wp-json\/wp\/v2\/media?parent=8549"}],"wp:term":[{"taxonomy":"product_cat","embeddable":true,"href":"https:\/\/testosteron-eu.com\/es\/wp-json\/wp\/v2\/product_cat?post=8549"},{"taxonomy":"product_tag","embeddable":true,"href":"https:\/\/testosteron-eu.com\/es\/wp-json\/wp\/v2\/product_tag?post=8549"}],"curies":[{"name":"wp","href":"https:\/\/api.w.org\/{rel}","templated":true}]}}