{"id":8559,"date":"2025-05-14T10:49:34","date_gmt":"2025-05-14T08:49:34","guid":{"rendered":"https:\/\/testosteron-eu.com\/?post_type=product&#038;p=8559"},"modified":"2025-05-14T10:51:28","modified_gmt":"2025-05-14T08:51:28","slug":"nandro-p-nandrolone-phenylpropionate-100-mg-ml-ortesa","status":"publish","type":"product","link":"https:\/\/testosteron-eu.com\/es\/producto\/nandro-p-nandrolone-phenylpropionate-100-mg-ml-ortesa\/","title":{"rendered":"Nandro P Nandrolone Phenylpropionate 100 mg\/ml Ortesa"},"content":{"rendered":"<p>Nandro P (Nandrolone Phenylpropionate) es una f\u00f3rmula premium que delivers fast-acting muscle growth and recovery support. Es reconocido por su eficacia para mejorar fuerza, resistencia, definici\u00f3n muscular y transformaci\u00f3n f\u00edsica integral.<\/p>\n","protected":false},"excerpt":{"rendered":"<p>Mejora tu rendimiento con Nandro P de Ortesa. Ideal para deportistas que desean transformar su f\u00edsico y maximizar su rendimiento.<\/p>\n","protected":false},"featured_media":8323,"comment_status":"open","ping_status":"closed","template":"","meta":[],"product_cat":[228],"product_tag":[],"class_list":{"0":"post-8559","1":"product","2":"type-product","3":"status-publish","4":"has-post-thumbnail","6":"product_cat-esteroides-inyectables-es","8":"first","9":"instock","10":"shipping-taxable","11":"purchasable","12":"product-type-simple"},"_links":{"self":[{"href":"https:\/\/testosteron-eu.com\/es\/wp-json\/wp\/v2\/product\/8559","targetHints":{"allow":["GET"]}}],"collection":[{"href":"https:\/\/testosteron-eu.com\/es\/wp-json\/wp\/v2\/product"}],"about":[{"href":"https:\/\/testosteron-eu.com\/es\/wp-json\/wp\/v2\/types\/product"}],"replies":[{"embeddable":true,"href":"https:\/\/testosteron-eu.com\/es\/wp-json\/wp\/v2\/comments?post=8559"}],"wp:featuredmedia":[{"embeddable":true,"href":"https:\/\/testosteron-eu.com\/es\/wp-json\/wp\/v2\/media\/8323"}],"wp:attachment":[{"href":"https:\/\/testosteron-eu.com\/es\/wp-json\/wp\/v2\/media?parent=8559"}],"wp:term":[{"taxonomy":"product_cat","embeddable":true,"href":"https:\/\/testosteron-eu.com\/es\/wp-json\/wp\/v2\/product_cat?post=8559"},{"taxonomy":"product_tag","embeddable":true,"href":"https:\/\/testosteron-eu.com\/es\/wp-json\/wp\/v2\/product_tag?post=8559"}],"curies":[{"name":"wp","href":"https:\/\/api.w.org\/{rel}","templated":true}]}}