{"id":8627,"date":"2025-05-14T11:34:46","date_gmt":"2025-05-14T09:34:46","guid":{"rendered":"https:\/\/testosteron-eu.com\/?post_type=product&#038;p=8627"},"modified":"2025-05-14T11:37:31","modified_gmt":"2025-05-14T09:37:31","slug":"cut-mix-ortesa","status":"publish","type":"product","link":"https:\/\/testosteron-eu.com\/es\/producto\/cut-mix-ortesa\/","title":{"rendered":"Cut Mix Ortesa"},"content":{"rendered":"<p>Cut Mix (Trenbolone Acetate 50 mg\/ml Drostanolone Propionate 50 mg\/ml Testosterone Propionate 100 mg\/ml) es una f\u00f3rmula premium que optimizes cutting, hardness, and vascularity. Es reconocido por su eficacia para mejorar fuerza, resistencia, definici\u00f3n muscular y transformaci\u00f3n f\u00edsica integral.<\/p>\n","protected":false},"excerpt":{"rendered":"<p>Mejora tu rendimiento con Cut Mix de Ortesa. Ideal para deportistas que desean transformar su f\u00edsico y maximizar su rendimiento.<\/p>\n","protected":false},"featured_media":8318,"comment_status":"open","ping_status":"closed","template":"","meta":[],"product_cat":[228],"product_tag":[],"class_list":{"0":"post-8627","1":"product","2":"type-product","3":"status-publish","4":"has-post-thumbnail","6":"product_cat-esteroides-inyectables-es","8":"first","9":"instock","10":"shipping-taxable","11":"purchasable","12":"product-type-simple"},"_links":{"self":[{"href":"https:\/\/testosteron-eu.com\/es\/wp-json\/wp\/v2\/product\/8627","targetHints":{"allow":["GET"]}}],"collection":[{"href":"https:\/\/testosteron-eu.com\/es\/wp-json\/wp\/v2\/product"}],"about":[{"href":"https:\/\/testosteron-eu.com\/es\/wp-json\/wp\/v2\/types\/product"}],"replies":[{"embeddable":true,"href":"https:\/\/testosteron-eu.com\/es\/wp-json\/wp\/v2\/comments?post=8627"}],"wp:featuredmedia":[{"embeddable":true,"href":"https:\/\/testosteron-eu.com\/es\/wp-json\/wp\/v2\/media\/8318"}],"wp:attachment":[{"href":"https:\/\/testosteron-eu.com\/es\/wp-json\/wp\/v2\/media?parent=8627"}],"wp:term":[{"taxonomy":"product_cat","embeddable":true,"href":"https:\/\/testosteron-eu.com\/es\/wp-json\/wp\/v2\/product_cat?post=8627"},{"taxonomy":"product_tag","embeddable":true,"href":"https:\/\/testosteron-eu.com\/es\/wp-json\/wp\/v2\/product_tag?post=8627"}],"curies":[{"name":"wp","href":"https:\/\/api.w.org\/{rel}","templated":true}]}}