{"id":8735,"date":"2025-05-14T12:21:24","date_gmt":"2025-05-14T10:21:24","guid":{"rendered":"https:\/\/testosteron-eu.com\/?post_type=product&#038;p=8735"},"modified":"2025-05-14T12:23:25","modified_gmt":"2025-05-14T10:23:25","slug":"cjc-1295-5-mg-vial-selliza","status":"publish","type":"product","link":"https:\/\/testosteron-eu.com\/es\/producto\/cjc-1295-5-mg-vial-selliza\/","title":{"rendered":"CJC-1295 5 mg\/vial Selliza"},"content":{"rendered":"<p>CJC-1295 proporciona liberaci\u00f3n sostenida para m\u00e1s energ\u00eda y recuperaci\u00f3n. Perfect for those seeking steady and sustained improvements in lean muscle, metabolic health, and youthful vitality.<\/p>\n","protected":false},"excerpt":{"rendered":"<p>Aumenta la HGH de forma natural con CJC-1295.  Elevate HGH levels smoothly for enhanced body composition.<\/p>\n","protected":false},"featured_media":8408,"comment_status":"open","ping_status":"closed","template":"","meta":[],"product_cat":[227,231],"product_tag":[],"class_list":{"0":"post-8735","1":"product","2":"type-product","3":"status-publish","4":"has-post-thumbnail","6":"product_cat-hgh-es","7":"product_cat-peptidos-es","9":"first","10":"instock","11":"shipping-taxable","12":"purchasable","13":"product-type-simple"},"_links":{"self":[{"href":"https:\/\/testosteron-eu.com\/es\/wp-json\/wp\/v2\/product\/8735","targetHints":{"allow":["GET"]}}],"collection":[{"href":"https:\/\/testosteron-eu.com\/es\/wp-json\/wp\/v2\/product"}],"about":[{"href":"https:\/\/testosteron-eu.com\/es\/wp-json\/wp\/v2\/types\/product"}],"replies":[{"embeddable":true,"href":"https:\/\/testosteron-eu.com\/es\/wp-json\/wp\/v2\/comments?post=8735"}],"wp:featuredmedia":[{"embeddable":true,"href":"https:\/\/testosteron-eu.com\/es\/wp-json\/wp\/v2\/media\/8408"}],"wp:attachment":[{"href":"https:\/\/testosteron-eu.com\/es\/wp-json\/wp\/v2\/media?parent=8735"}],"wp:term":[{"taxonomy":"product_cat","embeddable":true,"href":"https:\/\/testosteron-eu.com\/es\/wp-json\/wp\/v2\/product_cat?post=8735"},{"taxonomy":"product_tag","embeddable":true,"href":"https:\/\/testosteron-eu.com\/es\/wp-json\/wp\/v2\/product_tag?post=8735"}],"curies":[{"name":"wp","href":"https:\/\/api.w.org\/{rel}","templated":true}]}}