{"id":9057,"date":"2025-07-03T23:38:08","date_gmt":"2025-07-03T21:38:08","guid":{"rendered":"https:\/\/testosteron-eu.com\/?post_type=product&#038;p=9057"},"modified":"2025-07-04T00:09:33","modified_gmt":"2025-07-03T22:09:33","slug":"follistatin-344-1-mg-vial-selliza","status":"publish","type":"product","link":"https:\/\/testosteron-eu.com\/es\/producto\/follistatin-344-1-mg-vial-selliza\/","title":{"rendered":"Follistatin 344 1 mg\/vial Selliza"},"content":{"rendered":"<p>Follistatin 344 es un p\u00e9ptido potente que bloquea la miostatina, una prote\u00edna que limita el desarrollo muscular. Suprimida esta barrera, se logra una mayor ganancia muscular, definici\u00f3n f\u00edsica y reducci\u00f3n de grasa. Utilizado por culturistas y atletas de alto nivel, es ideal para lograr una transformaci\u00f3n corporal r\u00e1pida y significativa. Gracias a su pureza farmac\u00e9utica, la Follistatin 344 de Selliza garantiza resultados visibles y estables, siendo una opci\u00f3n superior para ciclos de desarrollo avanzado.<\/p>\n","protected":false},"excerpt":{"rendered":"<p>Follistatin 344 inhibe la miostatina para lograr un crecimiento muscular extremo. Ideal para usuarios avanzados en ciclos de mejora corporal intensa.<\/p>\n","protected":false},"featured_media":8930,"comment_status":"open","ping_status":"closed","template":"","meta":[],"product_cat":[231],"product_tag":[],"class_list":{"0":"post-9057","1":"product","2":"type-product","3":"status-publish","4":"has-post-thumbnail","6":"product_cat-peptidos-es","8":"first","9":"instock","10":"shipping-taxable","11":"purchasable","12":"product-type-simple"},"_links":{"self":[{"href":"https:\/\/testosteron-eu.com\/es\/wp-json\/wp\/v2\/product\/9057","targetHints":{"allow":["GET"]}}],"collection":[{"href":"https:\/\/testosteron-eu.com\/es\/wp-json\/wp\/v2\/product"}],"about":[{"href":"https:\/\/testosteron-eu.com\/es\/wp-json\/wp\/v2\/types\/product"}],"replies":[{"embeddable":true,"href":"https:\/\/testosteron-eu.com\/es\/wp-json\/wp\/v2\/comments?post=9057"}],"wp:featuredmedia":[{"embeddable":true,"href":"https:\/\/testosteron-eu.com\/es\/wp-json\/wp\/v2\/media\/8930"}],"wp:attachment":[{"href":"https:\/\/testosteron-eu.com\/es\/wp-json\/wp\/v2\/media?parent=9057"}],"wp:term":[{"taxonomy":"product_cat","embeddable":true,"href":"https:\/\/testosteron-eu.com\/es\/wp-json\/wp\/v2\/product_cat?post=9057"},{"taxonomy":"product_tag","embeddable":true,"href":"https:\/\/testosteron-eu.com\/es\/wp-json\/wp\/v2\/product_tag?post=9057"}],"curies":[{"name":"wp","href":"https:\/\/api.w.org\/{rel}","templated":true}]}}