{"id":1485,"date":"2023-06-06T11:00:13","date_gmt":"2023-06-06T10:00:13","guid":{"rendered":"https:\/\/testosteron-eu.com\/about-us\/"},"modified":"2024-10-08T16:54:11","modified_gmt":"2024-10-08T15:54:11","slug":"a-propos","status":"publish","type":"page","link":"https:\/\/testosteron-eu.com\/fr\/a-propos\/","title":{"rendered":"\u00c0 propos"},"content":{"rendered":"<div class=\"wpb-content-wrapper\"><p>[vc_row][vc_column]\t\t<div id=\"wd-67054cdf9dccb\" class=\"wd-text-block wd-wpb reset-last-child wd-rs-67054cdf9dccb text-left \">\n\t\t\t<h2>En savoir plus sur nous<\/h2>\n<p>Depuis plus de 9 ans, nous nous sommes \u00e9tablis avec succ\u00e8s sur le march\u00e9, gagnant une r\u00e9putation de partenaire fiable et comp\u00e9tent. Notre exp\u00e9rience et notre d\u00e9vouement nous ont permis de b\u00e2tir une client\u00e8le fid\u00e8le qui fait confiance \u00e0 notre expertise et \u00e0 notre service.<\/p>\n<p>Nous sommes une \u00e9quipe de sp\u00e9cialistes d\u00e9vou\u00e9s qui ne se contentent pas de vendre des produits, mais qui poss\u00e8dent \u00e9galement une connaissance approfondie de la gamme que nous proposons. Notre objectif est d\u2019offrir \u00e0 nos clients les meilleurs conseils et le meilleur soutien possible, en veillant \u00e0 ce qu\u2019ils trouvent exactement ce dont ils ont besoin.<\/p>\n<p>Nous accordons une grande importance \u00e0 la qualit\u00e9 de nos services et de nos produits. C\u2019est pourquoi nous garantissons des conseils qualifi\u00e9s, une livraison rapide et gratuite, ainsi que des produits de la plus haute qualit\u00e9. Notre large gamme comprend 14 marques renomm\u00e9es qui r\u00e9pondent pleinement \u00e0 tous vos besoins.<\/p>\n<p>Dans notre s\u00e9lection, vous trouverez une large gamme de produits, y compris des st\u00e9ro\u00efdes anabolisants, des produits de testost\u00e9rone, des SARMs, des peptides, des hormones de croissance, des vitamines, des br\u00fbleurs de graisse et des agents protecteurs pour le corps pendant les cycles. Chaque produit est soigneusement s\u00e9lectionn\u00e9 et test\u00e9 pour r\u00e9pondre aux normes les plus strictes.<\/p>\n<p>Notre mission n\u2019est pas seulement de vous offrir des produits de haute qualit\u00e9, mais aussi de fournir un excellent service client. Notre \u00e9quipe est toujours disponible pour r\u00e9pondre \u00e0 vos questions et vous aider \u00e0 choisir les produits qui vous conviennent. Faites confiance \u00e0 notre expertise et \u00e0 notre exp\u00e9rience \u2014 nous sommes l\u00e0 pour vous aider \u00e0 atteindre vos objectifs et d\u00e9passer vos attentes.<\/p>\n<p>Nous sommes impatients de vous accueillir et de vous offrir les meilleurs produits et services sur le march\u00e9. Venez nous rendre visite et d\u00e9couvrez la diff\u00e9rence que peuvent faire notre engagement et notre passion.<\/p>\n\t\t<\/div>\n\t\t[\/vc_column][\/vc_row]<\/p>\n<\/div>","protected":false},"excerpt":{"rendered":"<p>[vc_row][vc_column][\/vc_column][\/vc_row]<\/p>\n","protected":false},"author":1,"featured_media":0,"parent":0,"menu_order":0,"comment_status":"closed","ping_status":"closed","template":"","meta":{"footnotes":""},"class_list":["post-1485","page","type-page","status-publish","hentry"],"_links":{"self":[{"href":"https:\/\/testosteron-eu.com\/fr\/wp-json\/wp\/v2\/pages\/1485","targetHints":{"allow":["GET"]}}],"collection":[{"href":"https:\/\/testosteron-eu.com\/fr\/wp-json\/wp\/v2\/pages"}],"about":[{"href":"https:\/\/testosteron-eu.com\/fr\/wp-json\/wp\/v2\/types\/page"}],"author":[{"embeddable":true,"href":"https:\/\/testosteron-eu.com\/fr\/wp-json\/wp\/v2\/users\/1"}],"replies":[{"embeddable":true,"href":"https:\/\/testosteron-eu.com\/fr\/wp-json\/wp\/v2\/comments?post=1485"}],"version-history":[{"count":3,"href":"https:\/\/testosteron-eu.com\/fr\/wp-json\/wp\/v2\/pages\/1485\/revisions"}],"predecessor-version":[{"id":1559,"href":"https:\/\/testosteron-eu.com\/fr\/wp-json\/wp\/v2\/pages\/1485\/revisions\/1559"}],"wp:attachment":[{"href":"https:\/\/testosteron-eu.com\/fr\/wp-json\/wp\/v2\/media?parent=1485"}],"curies":[{"name":"wp","href":"https:\/\/api.w.org\/{rel}","templated":true}]}}