{"id":1504,"date":"2024-10-07T11:34:02","date_gmt":"2024-10-07T10:34:02","guid":{"rendered":"https:\/\/testosteron-eu.com\/delivery-and-payment\/"},"modified":"2024-10-08T16:27:53","modified_gmt":"2024-10-08T15:27:53","slug":"livraison-et-paiement","status":"publish","type":"page","link":"https:\/\/testosteron-eu.com\/fr\/livraison-et-paiement\/","title":{"rendered":"Livraison et paiement"},"content":{"rendered":"<div class=\"wpb-content-wrapper\"><p>[vc_row][vc_column]\t\t<div id=\"wd-6703b92755032\" class=\"wd-text-block wd-wpb reset-last-child wd-rs-6703b92755032 text-left \">\n\t\t\t<h2>En savoir plus sur la Livraison et le Paiement<\/h2>\n<p>Vous pouvez trouver plus d&rsquo;informations ci-dessous dans nos options de paiement et de livraison.<\/p>\n\t\t<\/div>\n\t\t[\/vc_column][\/vc_row][vc_row][vc_column width=\u00a0\u00bb1\/2&Prime;]\t\t<div id=\"wd-6703b8ac47f4c\" class=\"wd-text-block wd-wpb reset-last-child wd-rs-6703b8ac47f4c text-left \">\n\t\t\t<h3>M\u00e9thodes de Paiement<\/h3>\n<ul>\n<li>Virement bancaire (pr\u00e9paiement)<\/li>\n<li>PayPal Amis et Famille<\/li>\n<li>Virement bancaire apr\u00e8s r\u00e9ception des marchandises (+21\u202f\u20ac de frais\u202f; num\u00e9ro de t\u00e9l\u00e9phone et lien vers un profil Facebook actif requis)<\/li>\n<li>Bitcoin, USDT, Ethereum<\/li>\n<\/ul>\n\t\t<\/div>\n\t\t[\/vc_column][vc_column width=\u00a0\u00bb1\/2&Prime;]\t\t<div id=\"wd-6703b8e39bc56\" class=\"wd-text-block wd-wpb reset-last-child wd-rs-6703b8e39bc56 text-left \">\n\t\t\t<h3>M\u00e9thodes de Livraison<\/h3>\n<ul>\n<li>La quantit\u00e9 minimale de commande est toujours de 3 pi\u00e8ces.<\/li>\n<li>La livraison depuis l&rsquo;Allemagne est toujours gratuite.<\/li>\n<li>Nous exp\u00e9dions via des services postaux tels que Hermes, DHL et GLS.<\/li>\n<li>Pour les clients d&rsquo;autres pays de l&rsquo;Union europ\u00e9enne, veuillez confirmer le transporteur avec votre gestionnaire.<\/li>\n<\/ul>\n\t\t<\/div>\n\t\t[\/vc_column][\/vc_row]<\/p>\n<\/div>","protected":false},"excerpt":{"rendered":"<p>[vc_row][vc_column][\/vc_column][\/vc_row][vc_row][vc_column width=\u00a0\u00bb1\/2&Prime;][\/vc_column][vc_column width=\u00a0\u00bb1\/2&Prime;][\/vc_column][\/vc_row]<\/p>\n","protected":false},"author":1,"featured_media":0,"parent":0,"menu_order":0,"comment_status":"closed","ping_status":"closed","template":"","meta":{"footnotes":""},"class_list":["post-1504","page","type-page","status-publish","hentry"],"_links":{"self":[{"href":"https:\/\/testosteron-eu.com\/fr\/wp-json\/wp\/v2\/pages\/1504","targetHints":{"allow":["GET"]}}],"collection":[{"href":"https:\/\/testosteron-eu.com\/fr\/wp-json\/wp\/v2\/pages"}],"about":[{"href":"https:\/\/testosteron-eu.com\/fr\/wp-json\/wp\/v2\/types\/page"}],"author":[{"embeddable":true,"href":"https:\/\/testosteron-eu.com\/fr\/wp-json\/wp\/v2\/users\/1"}],"replies":[{"embeddable":true,"href":"https:\/\/testosteron-eu.com\/fr\/wp-json\/wp\/v2\/comments?post=1504"}],"version-history":[{"count":2,"href":"https:\/\/testosteron-eu.com\/fr\/wp-json\/wp\/v2\/pages\/1504\/revisions"}],"predecessor-version":[{"id":1514,"href":"https:\/\/testosteron-eu.com\/fr\/wp-json\/wp\/v2\/pages\/1504\/revisions\/1514"}],"wp:attachment":[{"href":"https:\/\/testosteron-eu.com\/fr\/wp-json\/wp\/v2\/media?parent=1504"}],"curies":[{"name":"wp","href":"https:\/\/api.w.org\/{rel}","templated":true}]}}