{"id":1542,"date":"2024-10-07T12:14:19","date_gmt":"2024-10-07T11:14:19","guid":{"rendered":"https:\/\/testosteron-eu.com\/free-expert-advice\/"},"modified":"2024-10-08T16:49:41","modified_gmt":"2024-10-08T15:49:41","slug":"aide-experte","status":"publish","type":"page","link":"https:\/\/testosteron-eu.com\/fr\/aide-experte\/","title":{"rendered":"Aide experte"},"content":{"rendered":"<div class=\"wpb-content-wrapper\"><p>[vc_row][vc_column]\t\t<div id=\"wd-6703c258a9df8\" class=\"wd-text-block wd-wpb reset-last-child wd-rs-6703c258a9df8 text-left \">\n\t\t\t<h2>Obtenez une consultation gratuite avec un sp\u00e9cialiste<\/h2>\n<p>N&rsquo;h\u00e9sitez pas \u00e0 nous contacter\u2014votre satisfaction et votre succ\u00e8s sont notre priorit\u00e9.<\/p>\n<p>Si vous souhaitez une aide et des conseils d&rsquo;experts, vous \u00eates au bon endroit. Notre \u00e9quipe exp\u00e9riment\u00e9e est \u00e0 votre disposition pour vous assurer de trouver les meilleurs produits pour vos besoins individuels.<\/p>\n<p>Veuillez nous indiquer votre taille, votre \u00e2ge et votre poids afin que nous puissions vous faire une recommandation personnalis\u00e9e. Cela nous aidera \u00e0 mieux comprendre vos exigences physiques et \u00e0 vous sugg\u00e9rer les produits les plus adapt\u00e9s.<\/p>\n<p>Dites-nous \u00e9galement vos principaux objectifs pour la prise de st\u00e9ro\u00efdes anabolisants ou d&rsquo;autres m\u00e9dicaments. Que vous souhaitiez d\u00e9velopper votre masse musculaire, r\u00e9duire votre graisse, augmenter vos performances ou am\u00e9liorer votre sant\u00e9 g\u00e9n\u00e9rale, nous avons les solutions qu&rsquo;il vous faut.<\/p>\n<p>Nous vous aiderons dans tous les cas, que vous soyez d\u00e9butant ou athl\u00e8te exp\u00e9riment\u00e9. Notre objectif est de vous fournir des conseils solides et fiables afin que vous puissiez atteindre vos objectifs en toute s\u00e9curit\u00e9 et efficacit\u00e9.<\/p>\n\t\t<\/div>\n\t\t[\/vc_column][\/vc_row]<\/p>\n<\/div>","protected":false},"excerpt":{"rendered":"<p>[vc_row][vc_column][\/vc_column][\/vc_row]<\/p>\n","protected":false},"author":1,"featured_media":0,"parent":0,"menu_order":0,"comment_status":"closed","ping_status":"closed","template":"","meta":{"footnotes":""},"class_list":["post-1542","page","type-page","status-publish","hentry"],"_links":{"self":[{"href":"https:\/\/testosteron-eu.com\/fr\/wp-json\/wp\/v2\/pages\/1542","targetHints":{"allow":["GET"]}}],"collection":[{"href":"https:\/\/testosteron-eu.com\/fr\/wp-json\/wp\/v2\/pages"}],"about":[{"href":"https:\/\/testosteron-eu.com\/fr\/wp-json\/wp\/v2\/types\/page"}],"author":[{"embeddable":true,"href":"https:\/\/testosteron-eu.com\/fr\/wp-json\/wp\/v2\/users\/1"}],"replies":[{"embeddable":true,"href":"https:\/\/testosteron-eu.com\/fr\/wp-json\/wp\/v2\/comments?post=1542"}],"version-history":[{"count":2,"href":"https:\/\/testosteron-eu.com\/fr\/wp-json\/wp\/v2\/pages\/1542\/revisions"}],"predecessor-version":[{"id":1556,"href":"https:\/\/testosteron-eu.com\/fr\/wp-json\/wp\/v2\/pages\/1542\/revisions\/1556"}],"wp:attachment":[{"href":"https:\/\/testosteron-eu.com\/fr\/wp-json\/wp\/v2\/media?parent=1542"}],"curies":[{"name":"wp","href":"https:\/\/api.w.org\/{rel}","templated":true}]}}