{"id":6161,"date":"2024-11-20T15:33:23","date_gmt":"2024-11-20T14:33:23","guid":{"rendered":"https:\/\/testosteron-eu.com\/product\/drost-p-drostanolone-propionat-100mg-ml-schneider\/"},"modified":"2024-11-25T15:59:52","modified_gmt":"2024-11-25T14:59:52","slug":"drost-p-drostanolone-propionat-100mg-ml-schneider","status":"publish","type":"product","link":"https:\/\/testosteron-eu.com\/fr\/produit\/drost-p-drostanolone-propionat-100mg-ml-schneider\/","title":{"rendered":"Drost P Drostanolone Propionat 100mg\/ml &#8211; Schneider"},"content":{"rendered":"<p>Obtenez un physique sculpt\u00e9 et pr\u00eat pour la comp\u00e9tition avec le Drost P Drostanolone Propionate 100mg\/ml de Schneider. Ce st\u00e9ro\u00efde anabolisant \u00e0 action rapide est tr\u00e8s efficace pour promouvoir la masse musculaire maigre et r\u00e9duire la graisse, en faisant un choix de premier ordre pour les cycles de s\u00e8che. R\u00e9put\u00e9 pour ses effets durcissants, le Drostanolone Propionate am\u00e9liore la d\u00e9finition musculaire et donne \u00e0 votre corps une apparence esth\u00e9tique et sculpt\u00e9e. Il aide \u00e9galement \u00e0 am\u00e9liorer la force et l\u2019endurance, ce qui en fait un favori des athl\u00e8tes et culturistes visant une performance optimale. Faites confiance \u00e0 la qualit\u00e9 Schneider pour des r\u00e9sultats exceptionnels dans votre parcours fitness.<\/p>\n","protected":false},"excerpt":{"rendered":"<p>Sculptez votre physique id\u00e9al avec le Drost P Drostanolone Propionate 100mg\/ml de Schneider \u2013 un st\u00e9ro\u00efde anabolisant puissant id\u00e9al pour les cycles de s\u00e8che.<\/p>\n","protected":false},"featured_media":6069,"comment_status":"open","ping_status":"closed","template":"","meta":[],"product_cat":[189],"product_tag":[],"class_list":{"0":"post-6161","1":"product","2":"type-product","3":"status-publish","4":"has-post-thumbnail","6":"product_cat-steroides-injectables-fr","8":"first","9":"instock","10":"shipping-taxable","11":"purchasable","12":"product-type-simple"},"_links":{"self":[{"href":"https:\/\/testosteron-eu.com\/fr\/wp-json\/wp\/v2\/product\/6161","targetHints":{"allow":["GET"]}}],"collection":[{"href":"https:\/\/testosteron-eu.com\/fr\/wp-json\/wp\/v2\/product"}],"about":[{"href":"https:\/\/testosteron-eu.com\/fr\/wp-json\/wp\/v2\/types\/product"}],"replies":[{"embeddable":true,"href":"https:\/\/testosteron-eu.com\/fr\/wp-json\/wp\/v2\/comments?post=6161"}],"wp:featuredmedia":[{"embeddable":true,"href":"https:\/\/testosteron-eu.com\/fr\/wp-json\/wp\/v2\/media\/6069"}],"wp:attachment":[{"href":"https:\/\/testosteron-eu.com\/fr\/wp-json\/wp\/v2\/media?parent=6161"}],"wp:term":[{"taxonomy":"product_cat","embeddable":true,"href":"https:\/\/testosteron-eu.com\/fr\/wp-json\/wp\/v2\/product_cat?post=6161"},{"taxonomy":"product_tag","embeddable":true,"href":"https:\/\/testosteron-eu.com\/fr\/wp-json\/wp\/v2\/product_tag?post=6161"}],"curies":[{"name":"wp","href":"https:\/\/api.w.org\/{rel}","templated":true}]}}