{"id":6959,"date":"2025-02-16T00:10:22","date_gmt":"2025-02-15T23:10:22","guid":{"rendered":"https:\/\/testosteron-eu.com\/?post_type=product&#038;p=6959"},"modified":"2025-02-16T00:12:26","modified_gmt":"2025-02-15T23:12:26","slug":"clomid-50-elbrus-pharmaceuticals","status":"publish","type":"product","link":"https:\/\/testosteron-eu.com\/fr\/produit\/clomid-50-elbrus-pharmaceuticals\/","title":{"rendered":"Clomid 50 &#8211; Elbrus Pharmaceuticals"},"content":{"rendered":"<p>Clomid 50 (Clomiph\u00e8ne) est couramment utilis\u00e9 en musculation pour stimuler la synth\u00e8se de testost\u00e9rone et favoriser la prise de masse musculaire. Essentiel pour la r\u00e9cup\u00e9ration post-cycle.<\/p>\n","protected":false},"excerpt":{"rendered":"<p>Clomid 50 (Clomiph\u00e8ne) est un compl\u00e9ment largement utilis\u00e9 en musculation pour stimuler la production naturelle de testost\u00e9rone. En augmentant les niveaux de testost\u00e9rone, il favorise le d\u00e9veloppement musculaire et aide \u00e0 r\u00e9tablir l\u2019\u00e9quilibre hormonal apr\u00e8s un cycle de st\u00e9ro\u00efdes. Un \u00e9l\u00e9ment essentiel de la th\u00e9rapie post-cycle (PCT) pour pr\u00e9server les gains et \u00e9viter les d\u00e9s\u00e9quilibres hormonaux. Dosage recommand\u00e9 : Selon prescription.<\/p>\n","protected":false},"featured_media":6949,"comment_status":"open","ping_status":"closed","template":"","meta":[],"product_cat":[193],"product_tag":[],"class_list":{"0":"post-6959","1":"product","2":"type-product","3":"status-publish","4":"has-post-thumbnail","6":"product_cat-therapie-post-cycle-fr","8":"first","9":"instock","10":"shipping-taxable","11":"purchasable","12":"product-type-simple"},"_links":{"self":[{"href":"https:\/\/testosteron-eu.com\/fr\/wp-json\/wp\/v2\/product\/6959","targetHints":{"allow":["GET"]}}],"collection":[{"href":"https:\/\/testosteron-eu.com\/fr\/wp-json\/wp\/v2\/product"}],"about":[{"href":"https:\/\/testosteron-eu.com\/fr\/wp-json\/wp\/v2\/types\/product"}],"replies":[{"embeddable":true,"href":"https:\/\/testosteron-eu.com\/fr\/wp-json\/wp\/v2\/comments?post=6959"}],"wp:featuredmedia":[{"embeddable":true,"href":"https:\/\/testosteron-eu.com\/fr\/wp-json\/wp\/v2\/media\/6949"}],"wp:attachment":[{"href":"https:\/\/testosteron-eu.com\/fr\/wp-json\/wp\/v2\/media?parent=6959"}],"wp:term":[{"taxonomy":"product_cat","embeddable":true,"href":"https:\/\/testosteron-eu.com\/fr\/wp-json\/wp\/v2\/product_cat?post=6959"},{"taxonomy":"product_tag","embeddable":true,"href":"https:\/\/testosteron-eu.com\/fr\/wp-json\/wp\/v2\/product_tag?post=6959"}],"curies":[{"name":"wp","href":"https:\/\/api.w.org\/{rel}","templated":true}]}}