{"id":6967,"date":"2025-02-16T00:14:18","date_gmt":"2025-02-15T23:14:18","guid":{"rendered":"https:\/\/testosteron-eu.com\/?post_type=product&#038;p=6967"},"modified":"2025-02-16T00:18:02","modified_gmt":"2025-02-15T23:18:02","slug":"testosteron-enanthate-3000mg-10ml-elbrus-pharmaceuticals","status":"publish","type":"product","link":"https:\/\/testosteron-eu.com\/fr\/produit\/testosteron-enanthate-3000mg-10ml-elbrus-pharmaceuticals\/","title":{"rendered":"Testosteron Enanthate 3000mg\/10ml Elbrus Pharmaceuticals"},"content":{"rendered":"<p>Testosteron Enanthate 300 est un compos\u00e9 anabolisant puissant utilis\u00e9 par les bodybuilders pour favoriser la croissance musculaire, la force et la r\u00e9cup\u00e9ration. Un choix essentiel pour la performance.<\/p>\n","protected":false},"excerpt":{"rendered":"<p>Testosteron Enanthate 300 est un st\u00e9ro\u00efde anabolisant largement utilis\u00e9 dans le monde du bodybuilding. En tant que forme synth\u00e9tique de testost\u00e9rone, il favorise la prise de masse musculaire, l\u2019augmentation de la force et de l\u2019endurance. Il am\u00e9liore la r\u00e9cup\u00e9ration musculaire, permettant des entra\u00eenements plus longs et plus intenses. Il est souvent associ\u00e9 \u00e0 un sentiment de bien-\u00eatre et de confiance en soi. Dosage recommand\u00e9 : 300-600 mg par semaine.<\/p>\n","protected":false},"featured_media":6944,"comment_status":"open","ping_status":"closed","template":"","meta":[],"product_cat":[189],"product_tag":[],"class_list":{"0":"post-6967","1":"product","2":"type-product","3":"status-publish","4":"has-post-thumbnail","6":"product_cat-steroides-injectables-fr","8":"first","9":"instock","10":"shipping-taxable","11":"purchasable","12":"product-type-simple"},"_links":{"self":[{"href":"https:\/\/testosteron-eu.com\/fr\/wp-json\/wp\/v2\/product\/6967","targetHints":{"allow":["GET"]}}],"collection":[{"href":"https:\/\/testosteron-eu.com\/fr\/wp-json\/wp\/v2\/product"}],"about":[{"href":"https:\/\/testosteron-eu.com\/fr\/wp-json\/wp\/v2\/types\/product"}],"replies":[{"embeddable":true,"href":"https:\/\/testosteron-eu.com\/fr\/wp-json\/wp\/v2\/comments?post=6967"}],"wp:featuredmedia":[{"embeddable":true,"href":"https:\/\/testosteron-eu.com\/fr\/wp-json\/wp\/v2\/media\/6944"}],"wp:attachment":[{"href":"https:\/\/testosteron-eu.com\/fr\/wp-json\/wp\/v2\/media?parent=6967"}],"wp:term":[{"taxonomy":"product_cat","embeddable":true,"href":"https:\/\/testosteron-eu.com\/fr\/wp-json\/wp\/v2\/product_cat?post=6967"},{"taxonomy":"product_tag","embeddable":true,"href":"https:\/\/testosteron-eu.com\/fr\/wp-json\/wp\/v2\/product_tag?post=6967"}],"curies":[{"name":"wp","href":"https:\/\/api.w.org\/{rel}","templated":true}]}}