{"id":7201,"date":"2025-02-28T18:45:26","date_gmt":"2025-02-28T17:45:26","guid":{"rendered":"https:\/\/testosteron-eu.com\/?post_type=product&#038;p=7201"},"modified":"2025-03-01T01:13:40","modified_gmt":"2025-03-01T00:13:40","slug":"semalgid-4mg-semaglutide-new-generation-pharma","status":"publish","type":"product","link":"https:\/\/testosteron-eu.com\/fr\/produit\/semalgid-4mg-semaglutide-new-generation-pharma\/","title":{"rendered":"Semalgid 4mg (Semaglutide) New Generation Pharma"},"content":{"rendered":"<p>Semalgid 4mg (Semaglutide) de New Generation Pharma est un agoniste des r\u00e9cepteurs GLP-1 r\u00e9volutionnaire qui imite les hormones naturelles de l&rsquo;organisme pour contr\u00f4ler l\u2019app\u00e9tit, am\u00e9liorer la sensibilit\u00e9 \u00e0 l&rsquo;insuline et favoriser une perte de poids durable. Initialement con\u00e7u pour traiter le diab\u00e8te de type 2, le S\u00e9maglutide est aujourd\u2019hui reconnu pour son efficacit\u00e9 dans la gestion du poids et l\u2019optimisation du m\u00e9tabolisme.<\/p>\n","protected":false},"excerpt":{"rendered":"<p>Atteignez une perte de poids durable et am\u00e9liorez votre m\u00e9tabolisme avec Semalgid 4mg (Semaglutide) de New Generation Pharma. Un agoniste avanc\u00e9 des r\u00e9cepteurs GLP-1 con\u00e7u pour r\u00e9duire l\u2019app\u00e9tit, am\u00e9liorer la sensibilit\u00e9 \u00e0 l\u2019insuline et optimiser la gestion du poids.<\/p>\n","protected":false},"featured_media":7206,"comment_status":"open","ping_status":"closed","template":"","meta":[],"product_cat":[187],"product_tag":[],"class_list":{"0":"post-7201","1":"product","2":"type-product","3":"status-publish","4":"has-post-thumbnail","6":"product_cat-bruleur-de-graisse-fr","8":"first","9":"instock","10":"shipping-taxable","11":"purchasable","12":"product-type-simple"},"_links":{"self":[{"href":"https:\/\/testosteron-eu.com\/fr\/wp-json\/wp\/v2\/product\/7201","targetHints":{"allow":["GET"]}}],"collection":[{"href":"https:\/\/testosteron-eu.com\/fr\/wp-json\/wp\/v2\/product"}],"about":[{"href":"https:\/\/testosteron-eu.com\/fr\/wp-json\/wp\/v2\/types\/product"}],"replies":[{"embeddable":true,"href":"https:\/\/testosteron-eu.com\/fr\/wp-json\/wp\/v2\/comments?post=7201"}],"wp:featuredmedia":[{"embeddable":true,"href":"https:\/\/testosteron-eu.com\/fr\/wp-json\/wp\/v2\/media\/7206"}],"wp:attachment":[{"href":"https:\/\/testosteron-eu.com\/fr\/wp-json\/wp\/v2\/media?parent=7201"}],"wp:term":[{"taxonomy":"product_cat","embeddable":true,"href":"https:\/\/testosteron-eu.com\/fr\/wp-json\/wp\/v2\/product_cat?post=7201"},{"taxonomy":"product_tag","embeddable":true,"href":"https:\/\/testosteron-eu.com\/fr\/wp-json\/wp\/v2\/product_tag?post=7201"}],"curies":[{"name":"wp","href":"https:\/\/api.w.org\/{rel}","templated":true}]}}