{"id":7542,"date":"2025-04-04T00:44:48","date_gmt":"2025-04-03T22:44:48","guid":{"rendered":"https:\/\/testosteron-eu.com\/?post_type=product&#038;p=7542"},"modified":"2025-04-04T00:46:33","modified_gmt":"2025-04-03T22:46:33","slug":"methenolone-enanthate-somatrop-lab","status":"publish","type":"product","link":"https:\/\/testosteron-eu.com\/fr\/produit\/methenolone-enanthate-somatrop-lab\/","title":{"rendered":"Methenolone Enanthate Somatrop-Lab"},"content":{"rendered":"<p>Methenolone Enanthate est appr\u00e9ci\u00e9 pour offrir une croissance musculaire r\u00e9guli\u00e8re et maintenable avec une r\u00e9tention d\u2019eau minimale. Il aide \u00e0 pr\u00e9server une apparence s\u00e8che et d\u00e9finie, et est souvent utilis\u00e9 dans les cycles de s\u00e8che ou de prise de masse maigre. Les athl\u00e8tes appr\u00e9cient son profil de s\u00e9curit\u00e9 favorable et ses r\u00e9sultats constants.<\/p>\n","protected":false},"excerpt":{"rendered":"<p>Methenolone Enanthate de Somatrop-Lab est un st\u00e9ro\u00efde anabolisant de haute qualit\u00e9 con\u00e7u pour am\u00e9liorer la croissance musculaire et les performances physiques, avec des effets secondaires plus doux que de nombreux autres st\u00e9ro\u00efdes. Il est particuli\u00e8rement populaire pour sa capacit\u00e9 \u00e0 fournir des gains musculaires de qualit\u00e9 tout en restant plus doux pour l\u2019organisme.<\/p>\n","protected":false},"featured_media":7547,"comment_status":"open","ping_status":"closed","template":"","meta":[],"product_cat":[189],"product_tag":[],"class_list":{"0":"post-7542","1":"product","2":"type-product","3":"status-publish","4":"has-post-thumbnail","6":"product_cat-steroides-injectables-fr","8":"first","9":"instock","10":"shipping-taxable","11":"purchasable","12":"product-type-simple"},"_links":{"self":[{"href":"https:\/\/testosteron-eu.com\/fr\/wp-json\/wp\/v2\/product\/7542","targetHints":{"allow":["GET"]}}],"collection":[{"href":"https:\/\/testosteron-eu.com\/fr\/wp-json\/wp\/v2\/product"}],"about":[{"href":"https:\/\/testosteron-eu.com\/fr\/wp-json\/wp\/v2\/types\/product"}],"replies":[{"embeddable":true,"href":"https:\/\/testosteron-eu.com\/fr\/wp-json\/wp\/v2\/comments?post=7542"}],"wp:featuredmedia":[{"embeddable":true,"href":"https:\/\/testosteron-eu.com\/fr\/wp-json\/wp\/v2\/media\/7547"}],"wp:attachment":[{"href":"https:\/\/testosteron-eu.com\/fr\/wp-json\/wp\/v2\/media?parent=7542"}],"wp:term":[{"taxonomy":"product_cat","embeddable":true,"href":"https:\/\/testosteron-eu.com\/fr\/wp-json\/wp\/v2\/product_cat?post=7542"},{"taxonomy":"product_tag","embeddable":true,"href":"https:\/\/testosteron-eu.com\/fr\/wp-json\/wp\/v2\/product_tag?post=7542"}],"curies":[{"name":"wp","href":"https:\/\/api.w.org\/{rel}","templated":true}]}}