{"id":7612,"date":"2025-04-04T00:57:11","date_gmt":"2025-04-03T22:57:11","guid":{"rendered":"https:\/\/testosteron-eu.com\/?post_type=product&#038;p=7612"},"modified":"2025-04-04T00:58:36","modified_gmt":"2025-04-03T22:58:36","slug":"recombinant-human-growth-hormone-hgh-333mg-2vials-somatrop-lab","status":"publish","type":"product","link":"https:\/\/testosteron-eu.com\/fr\/produit\/recombinant-human-growth-hormone-hgh-333mg-2vials-somatrop-lab\/","title":{"rendered":"Recombinant Human Growth Hormone (HGH) 33,3mg 2vials Somatrop-Lab"},"content":{"rendered":"<p>L\u2019HGH favorise la r\u00e9paration cellulaire et la synth\u00e8se des prot\u00e9ines, soutenant des gains musculaires maigres, une meilleure \u00e9lasticit\u00e9 de la peau et une r\u00e9duction des temps de r\u00e9cup\u00e9ration. Ses bienfaits m\u00e9taboliques aident \u00e0 br\u00fbler les graisses tout en pr\u00e9servant la masse musculaire. Les athl\u00e8tes l\u2019int\u00e8grent souvent pour optimiser leur niveau d\u2019\u00e9nergie et leur vitalit\u00e9 globale.<\/p>\n","protected":false},"excerpt":{"rendered":"<p>L\u2019Hormone de Croissance Humaine recombinante (HGH) de Somatrop-Lab est une hormone peptidique puissante, utilis\u00e9e pour la croissance musculaire, la perte de graisse et la r\u00e9g\u00e9n\u00e9ration tissulaire. Elle est largement employ\u00e9e pour l\u2019am\u00e9lioration des performances, la r\u00e9cup\u00e9ration et les objectifs anti-\u00e2ge.<\/p>\n","protected":false},"featured_media":7617,"comment_status":"open","ping_status":"closed","template":"","meta":[],"product_cat":[188],"product_tag":[],"class_list":{"0":"post-7612","1":"product","2":"type-product","3":"status-publish","4":"has-post-thumbnail","6":"product_cat-hgh-fr","8":"first","9":"instock","10":"shipping-taxable","11":"purchasable","12":"product-type-simple"},"_links":{"self":[{"href":"https:\/\/testosteron-eu.com\/fr\/wp-json\/wp\/v2\/product\/7612","targetHints":{"allow":["GET"]}}],"collection":[{"href":"https:\/\/testosteron-eu.com\/fr\/wp-json\/wp\/v2\/product"}],"about":[{"href":"https:\/\/testosteron-eu.com\/fr\/wp-json\/wp\/v2\/types\/product"}],"replies":[{"embeddable":true,"href":"https:\/\/testosteron-eu.com\/fr\/wp-json\/wp\/v2\/comments?post=7612"}],"wp:featuredmedia":[{"embeddable":true,"href":"https:\/\/testosteron-eu.com\/fr\/wp-json\/wp\/v2\/media\/7617"}],"wp:attachment":[{"href":"https:\/\/testosteron-eu.com\/fr\/wp-json\/wp\/v2\/media?parent=7612"}],"wp:term":[{"taxonomy":"product_cat","embeddable":true,"href":"https:\/\/testosteron-eu.com\/fr\/wp-json\/wp\/v2\/product_cat?post=7612"},{"taxonomy":"product_tag","embeddable":true,"href":"https:\/\/testosteron-eu.com\/fr\/wp-json\/wp\/v2\/product_tag?post=7612"}],"curies":[{"name":"wp","href":"https:\/\/api.w.org\/{rel}","templated":true}]}}