{"id":7696,"date":"2025-04-04T01:10:32","date_gmt":"2025-04-03T23:10:32","guid":{"rendered":"https:\/\/testosteron-eu.com\/?post_type=product&#038;p=7696"},"modified":"2025-04-04T01:12:07","modified_gmt":"2025-04-03T23:12:07","slug":"testosterone-cypionate-somatrop-lab","status":"publish","type":"product","link":"https:\/\/testosteron-eu.com\/fr\/produit\/testosterone-cypionate-somatrop-lab\/","title":{"rendered":"Testosterone Cypionate Somatrop-Lab"},"content":{"rendered":"<p>Gr\u00e2ce \u00e0 son ester \u00e0 longue dur\u00e9e d\u2019action, la Testosterone Cypionate n\u00e9cessite des injections moins fr\u00e9quentes tout en maintenant des niveaux sanguins stables. Elle favorise l\u2019augmentation de la masse musculaire, de la libido et acc\u00e9l\u00e8re la r\u00e9cup\u00e9ration. Souvent utilis\u00e9e dans les cycles de prise de masse, elle est \u00e9galement appr\u00e9ci\u00e9e pour sa capacit\u00e9 \u00e0 am\u00e9liorer l\u2019humeur et l\u2019\u00e9nergie.<\/p>\n","protected":false},"excerpt":{"rendered":"<p>Testosterone Cypionate de Somatrop-Lab est un st\u00e9ro\u00efde anabolisant de haute qualit\u00e9, con\u00e7u pour stimuler la croissance musculaire, la force et le bien-\u00eatre g\u00e9n\u00e9ral.<\/p>\n","protected":false},"featured_media":7701,"comment_status":"open","ping_status":"closed","template":"","meta":[],"product_cat":[189],"product_tag":[],"class_list":{"0":"post-7696","1":"product","2":"type-product","3":"status-publish","4":"has-post-thumbnail","6":"product_cat-steroides-injectables-fr","8":"first","9":"instock","10":"shipping-taxable","11":"purchasable","12":"product-type-simple"},"_links":{"self":[{"href":"https:\/\/testosteron-eu.com\/fr\/wp-json\/wp\/v2\/product\/7696","targetHints":{"allow":["GET"]}}],"collection":[{"href":"https:\/\/testosteron-eu.com\/fr\/wp-json\/wp\/v2\/product"}],"about":[{"href":"https:\/\/testosteron-eu.com\/fr\/wp-json\/wp\/v2\/types\/product"}],"replies":[{"embeddable":true,"href":"https:\/\/testosteron-eu.com\/fr\/wp-json\/wp\/v2\/comments?post=7696"}],"wp:featuredmedia":[{"embeddable":true,"href":"https:\/\/testosteron-eu.com\/fr\/wp-json\/wp\/v2\/media\/7701"}],"wp:attachment":[{"href":"https:\/\/testosteron-eu.com\/fr\/wp-json\/wp\/v2\/media?parent=7696"}],"wp:term":[{"taxonomy":"product_cat","embeddable":true,"href":"https:\/\/testosteron-eu.com\/fr\/wp-json\/wp\/v2\/product_cat?post=7696"},{"taxonomy":"product_tag","embeddable":true,"href":"https:\/\/testosteron-eu.com\/fr\/wp-json\/wp\/v2\/product_tag?post=7696"}],"curies":[{"name":"wp","href":"https:\/\/api.w.org\/{rel}","templated":true}]}}