{"id":7722,"date":"2025-04-04T01:15:49","date_gmt":"2025-04-03T23:15:49","guid":{"rendered":"https:\/\/testosteron-eu.com\/?post_type=product&#038;p=7722"},"modified":"2025-04-04T01:17:17","modified_gmt":"2025-04-03T23:17:17","slug":"testosterone-propionate-somatrop-lab","status":"publish","type":"product","link":"https:\/\/testosteron-eu.com\/fr\/produit\/testosterone-propionate-somatrop-lab\/","title":{"rendered":"Testosterone Propionate Somatrop-Lab"},"content":{"rendered":"<p>En raison de son ester court, la Testosterone Propionate n\u00e9cessite des injections plus fr\u00e9quentes, mais permet un ajustement plus rapide du dosage. Elle am\u00e9liore la r\u00e9tention d\u2019azote et la synth\u00e8se des prot\u00e9ines, soutenant une progression rapide en termes de taille et de puissance. Elle est tr\u00e8s pris\u00e9e dans les cycles de s\u00e8che ou par ceux qui souhaitent un contr\u00f4le hormonal pr\u00e9cis.<\/p>\n","protected":false},"excerpt":{"rendered":"<p>Testosterone Propionate de Somatrop-Lab est un st\u00e9ro\u00efde anabolisant \u00e0 action rapide, reconnu pour ses effets puissants sur la croissance musculaire, la force et la performance physique globale.<\/p>\n","protected":false},"featured_media":7727,"comment_status":"open","ping_status":"closed","template":"","meta":[],"product_cat":[189],"product_tag":[],"class_list":{"0":"post-7722","1":"product","2":"type-product","3":"status-publish","4":"has-post-thumbnail","6":"product_cat-steroides-injectables-fr","8":"first","9":"instock","10":"shipping-taxable","11":"purchasable","12":"product-type-simple"},"_links":{"self":[{"href":"https:\/\/testosteron-eu.com\/fr\/wp-json\/wp\/v2\/product\/7722","targetHints":{"allow":["GET"]}}],"collection":[{"href":"https:\/\/testosteron-eu.com\/fr\/wp-json\/wp\/v2\/product"}],"about":[{"href":"https:\/\/testosteron-eu.com\/fr\/wp-json\/wp\/v2\/types\/product"}],"replies":[{"embeddable":true,"href":"https:\/\/testosteron-eu.com\/fr\/wp-json\/wp\/v2\/comments?post=7722"}],"wp:featuredmedia":[{"embeddable":true,"href":"https:\/\/testosteron-eu.com\/fr\/wp-json\/wp\/v2\/media\/7727"}],"wp:attachment":[{"href":"https:\/\/testosteron-eu.com\/fr\/wp-json\/wp\/v2\/media?parent=7722"}],"wp:term":[{"taxonomy":"product_cat","embeddable":true,"href":"https:\/\/testosteron-eu.com\/fr\/wp-json\/wp\/v2\/product_cat?post=7722"},{"taxonomy":"product_tag","embeddable":true,"href":"https:\/\/testosteron-eu.com\/fr\/wp-json\/wp\/v2\/product_tag?post=7722"}],"curies":[{"name":"wp","href":"https:\/\/api.w.org\/{rel}","templated":true}]}}