{"id":8146,"date":"2025-05-01T20:30:05","date_gmt":"2025-05-01T18:30:05","guid":{"rendered":"https:\/\/testosteron-eu.com\/?post_type=product&#038;p=8146"},"modified":"2025-05-01T20:32:18","modified_gmt":"2025-05-01T18:32:18","slug":"testosterone-enanthate-250mg-ml-10ml-vial-biotech","status":"publish","type":"product","link":"https:\/\/testosteron-eu.com\/fr\/produit\/testosterone-enanthate-250mg-ml-10ml-vial-biotech\/","title":{"rendered":"Testosterone Enanthate 250mg\/ml \u2013 10ml Vial BioTech"},"content":{"rendered":"<p>Le Testosterone Enanthate 250mg\/ml de BioTech offre une approche \u00e9quilibr\u00e9e et efficace de la suppl\u00e9mentation en testost\u00e9rone. Il favorise le d\u00e9veloppement musculaire, am\u00e9liore les performances physiques et raccourcit le temps de r\u00e9cup\u00e9ration, tout en maintenant un niveau hormonal stable.<\/p>\n","protected":false},"excerpt":{"rendered":"<p>Atteignez des performances optimales avec le Testosterone Enanthate de BioTech, un choix fiable pour le gain musculaire et la force.<\/p>\n","protected":false},"featured_media":8102,"comment_status":"open","ping_status":"closed","template":"","meta":[],"product_cat":[189],"product_tag":[],"class_list":{"0":"post-8146","1":"product","2":"type-product","3":"status-publish","4":"has-post-thumbnail","6":"product_cat-steroides-injectables-fr","8":"first","9":"instock","10":"shipping-taxable","11":"purchasable","12":"product-type-simple"},"_links":{"self":[{"href":"https:\/\/testosteron-eu.com\/fr\/wp-json\/wp\/v2\/product\/8146","targetHints":{"allow":["GET"]}}],"collection":[{"href":"https:\/\/testosteron-eu.com\/fr\/wp-json\/wp\/v2\/product"}],"about":[{"href":"https:\/\/testosteron-eu.com\/fr\/wp-json\/wp\/v2\/types\/product"}],"replies":[{"embeddable":true,"href":"https:\/\/testosteron-eu.com\/fr\/wp-json\/wp\/v2\/comments?post=8146"}],"wp:featuredmedia":[{"embeddable":true,"href":"https:\/\/testosteron-eu.com\/fr\/wp-json\/wp\/v2\/media\/8102"}],"wp:attachment":[{"href":"https:\/\/testosteron-eu.com\/fr\/wp-json\/wp\/v2\/media?parent=8146"}],"wp:term":[{"taxonomy":"product_cat","embeddable":true,"href":"https:\/\/testosteron-eu.com\/fr\/wp-json\/wp\/v2\/product_cat?post=8146"},{"taxonomy":"product_tag","embeddable":true,"href":"https:\/\/testosteron-eu.com\/fr\/wp-json\/wp\/v2\/product_tag?post=8146"}],"curies":[{"name":"wp","href":"https:\/\/api.w.org\/{rel}","templated":true}]}}