{"id":8181,"date":"2025-05-01T20:41:10","date_gmt":"2025-05-01T18:41:10","guid":{"rendered":"https:\/\/testosteron-eu.com\/?post_type=product&#038;p=8181"},"modified":"2025-05-01T20:42:39","modified_gmt":"2025-05-01T18:42:39","slug":"nandrolone-decanoate-250mg-ml-10ml-vial-biotech","status":"publish","type":"product","link":"https:\/\/testosteron-eu.com\/fr\/produit\/nandrolone-decanoate-250mg-ml-10ml-vial-biotech\/","title":{"rendered":"Nandrolone Decanoate 250mg\/ml \u2013 10ml Vial BioTech"},"content":{"rendered":"<p>D\u00e9couvrez les bienfaits du Nandrolone Decanoate 250mg\/ml de BioTech : prise de masse et confort articulaire. Un st\u00e9ro\u00efde \u00e0 action prolong\u00e9e, essentiel en phase de volume, avec peu d&rsquo;effets secondaires.<\/p>\n","protected":false},"excerpt":{"rendered":"<p>Le Nandrolone Decanoate de BioTech favorise la croissance musculaire et soulage les articulations \u2013 parfait pour les phases de prise de masse.<\/p>\n","protected":false},"featured_media":8077,"comment_status":"open","ping_status":"closed","template":"","meta":[],"product_cat":[189],"product_tag":[],"class_list":{"0":"post-8181","1":"product","2":"type-product","3":"status-publish","4":"has-post-thumbnail","6":"product_cat-steroides-injectables-fr","8":"first","9":"instock","10":"shipping-taxable","11":"purchasable","12":"product-type-simple"},"_links":{"self":[{"href":"https:\/\/testosteron-eu.com\/fr\/wp-json\/wp\/v2\/product\/8181","targetHints":{"allow":["GET"]}}],"collection":[{"href":"https:\/\/testosteron-eu.com\/fr\/wp-json\/wp\/v2\/product"}],"about":[{"href":"https:\/\/testosteron-eu.com\/fr\/wp-json\/wp\/v2\/types\/product"}],"replies":[{"embeddable":true,"href":"https:\/\/testosteron-eu.com\/fr\/wp-json\/wp\/v2\/comments?post=8181"}],"wp:featuredmedia":[{"embeddable":true,"href":"https:\/\/testosteron-eu.com\/fr\/wp-json\/wp\/v2\/media\/8077"}],"wp:attachment":[{"href":"https:\/\/testosteron-eu.com\/fr\/wp-json\/wp\/v2\/media?parent=8181"}],"wp:term":[{"taxonomy":"product_cat","embeddable":true,"href":"https:\/\/testosteron-eu.com\/fr\/wp-json\/wp\/v2\/product_cat?post=8181"},{"taxonomy":"product_tag","embeddable":true,"href":"https:\/\/testosteron-eu.com\/fr\/wp-json\/wp\/v2\/product_tag?post=8181"}],"curies":[{"name":"wp","href":"https:\/\/api.w.org\/{rel}","templated":true}]}}