{"id":8556,"date":"2025-05-14T10:49:34","date_gmt":"2025-05-14T08:49:34","guid":{"rendered":"https:\/\/testosteron-eu.com\/?post_type=product&#038;p=8556"},"modified":"2025-05-14T10:50:52","modified_gmt":"2025-05-14T08:50:52","slug":"nandro-p-nandrolone-phenylpropionate-100-mg-ml-ortesa","status":"publish","type":"product","link":"https:\/\/testosteron-eu.com\/fr\/produit\/nandro-p-nandrolone-phenylpropionate-100-mg-ml-ortesa\/","title":{"rendered":"Nandro P Nandrolone Phenylpropionate 100 mg\/ml Ortesa"},"content":{"rendered":"<p>Nandro P (Nandrolone Phenylpropionate) est une formule de qualit\u00e9 qui delivers fast-acting muscle growth and recovery support. Ce produit est appr\u00e9ci\u00e9 pour sa capacit\u00e9 \u00e0 favoriser la force, l\u2019endurance, la d\u00e9finition musculaire et la transformation physique globale.<\/p>\n","protected":false},"excerpt":{"rendered":"<p>Am\u00e9liorez vos performances avec Nandro P de Ortesa. Con\u00e7u pour les athl\u00e8tes \u00e0 la recherche de performance et d&rsquo;am\u00e9lioration physique.<\/p>\n","protected":false},"featured_media":8320,"comment_status":"open","ping_status":"closed","template":"","meta":[],"product_cat":[189],"product_tag":[],"class_list":{"0":"post-8556","1":"product","2":"type-product","3":"status-publish","4":"has-post-thumbnail","6":"product_cat-steroides-injectables-fr","8":"first","9":"instock","10":"shipping-taxable","11":"purchasable","12":"product-type-simple"},"_links":{"self":[{"href":"https:\/\/testosteron-eu.com\/fr\/wp-json\/wp\/v2\/product\/8556","targetHints":{"allow":["GET"]}}],"collection":[{"href":"https:\/\/testosteron-eu.com\/fr\/wp-json\/wp\/v2\/product"}],"about":[{"href":"https:\/\/testosteron-eu.com\/fr\/wp-json\/wp\/v2\/types\/product"}],"replies":[{"embeddable":true,"href":"https:\/\/testosteron-eu.com\/fr\/wp-json\/wp\/v2\/comments?post=8556"}],"wp:featuredmedia":[{"embeddable":true,"href":"https:\/\/testosteron-eu.com\/fr\/wp-json\/wp\/v2\/media\/8320"}],"wp:attachment":[{"href":"https:\/\/testosteron-eu.com\/fr\/wp-json\/wp\/v2\/media?parent=8556"}],"wp:term":[{"taxonomy":"product_cat","embeddable":true,"href":"https:\/\/testosteron-eu.com\/fr\/wp-json\/wp\/v2\/product_cat?post=8556"},{"taxonomy":"product_tag","embeddable":true,"href":"https:\/\/testosteron-eu.com\/fr\/wp-json\/wp\/v2\/product_tag?post=8556"}],"curies":[{"name":"wp","href":"https:\/\/api.w.org\/{rel}","templated":true}]}}