{"id":8583,"date":"2025-05-14T11:15:08","date_gmt":"2025-05-14T09:15:08","guid":{"rendered":"https:\/\/testosteron-eu.com\/?post_type=product&#038;p=8583"},"modified":"2025-05-14T11:29:07","modified_gmt":"2025-05-14T09:29:07","slug":"tri-tren-ortesa","status":"publish","type":"product","link":"https:\/\/testosteron-eu.com\/fr\/produit\/tri-tren-ortesa\/","title":{"rendered":"Tri Tren Ortesa"},"content":{"rendered":"<p>Tri Tren (Trenbolone Acetate 50 mg\/ml Trenbolone Enanthate 100 mg\/ml Trenbolone Hexahydrobenzylcarbonate 50 mg\/ml) est une formule de qualit\u00e9 qui combines multiple esters for balanced and long-lasting performance. Ce produit est appr\u00e9ci\u00e9 pour sa capacit\u00e9 \u00e0 favoriser la force, l\u2019endurance, la d\u00e9finition musculaire et la transformation physique globale.<\/p>\n","protected":false},"excerpt":{"rendered":"<p>Am\u00e9liorez vos performances avec Tri Tren de Ortesa. Con\u00e7u pour les athl\u00e8tes \u00e0 la recherche de performance et d&rsquo;am\u00e9lioration physique.<\/p>\n","protected":false},"featured_media":8395,"comment_status":"open","ping_status":"closed","template":"","meta":[],"product_cat":[189],"product_tag":[],"class_list":{"0":"post-8583","1":"product","2":"type-product","3":"status-publish","4":"has-post-thumbnail","6":"product_cat-steroides-injectables-fr","8":"first","9":"instock","10":"shipping-taxable","11":"purchasable","12":"product-type-simple"},"_links":{"self":[{"href":"https:\/\/testosteron-eu.com\/fr\/wp-json\/wp\/v2\/product\/8583","targetHints":{"allow":["GET"]}}],"collection":[{"href":"https:\/\/testosteron-eu.com\/fr\/wp-json\/wp\/v2\/product"}],"about":[{"href":"https:\/\/testosteron-eu.com\/fr\/wp-json\/wp\/v2\/types\/product"}],"replies":[{"embeddable":true,"href":"https:\/\/testosteron-eu.com\/fr\/wp-json\/wp\/v2\/comments?post=8583"}],"wp:featuredmedia":[{"embeddable":true,"href":"https:\/\/testosteron-eu.com\/fr\/wp-json\/wp\/v2\/media\/8395"}],"wp:attachment":[{"href":"https:\/\/testosteron-eu.com\/fr\/wp-json\/wp\/v2\/media?parent=8583"}],"wp:term":[{"taxonomy":"product_cat","embeddable":true,"href":"https:\/\/testosteron-eu.com\/fr\/wp-json\/wp\/v2\/product_cat?post=8583"},{"taxonomy":"product_tag","embeddable":true,"href":"https:\/\/testosteron-eu.com\/fr\/wp-json\/wp\/v2\/product_tag?post=8583"}],"curies":[{"name":"wp","href":"https:\/\/api.w.org\/{rel}","templated":true}]}}