{"id":8624,"date":"2025-05-14T11:34:46","date_gmt":"2025-05-14T09:34:46","guid":{"rendered":"https:\/\/testosteron-eu.com\/?post_type=product&#038;p=8624"},"modified":"2025-05-14T11:37:24","modified_gmt":"2025-05-14T09:37:24","slug":"cut-mix-ortesa","status":"publish","type":"product","link":"https:\/\/testosteron-eu.com\/fr\/produit\/cut-mix-ortesa\/","title":{"rendered":"Cut Mix Ortesa"},"content":{"rendered":"<p>Cut Mix (Trenbolone Acetate 50 mg\/ml Drostanolone Propionate 50 mg\/ml Testosterone Propionate 100 mg\/ml) est une formule de qualit\u00e9 qui optimizes cutting, hardness, and vascularity. Ce produit est appr\u00e9ci\u00e9 pour sa capacit\u00e9 \u00e0 favoriser la force, l\u2019endurance, la d\u00e9finition musculaire et la transformation physique globale.<\/p>\n","protected":false},"excerpt":{"rendered":"<p>Am\u00e9liorez vos performances avec Cut Mix de Ortesa. Con\u00e7u pour les athl\u00e8tes \u00e0 la recherche de performance et d&rsquo;am\u00e9lioration physique.<\/p>\n","protected":false},"featured_media":8315,"comment_status":"open","ping_status":"closed","template":"","meta":[],"product_cat":[189],"product_tag":[],"class_list":{"0":"post-8624","1":"product","2":"type-product","3":"status-publish","4":"has-post-thumbnail","6":"product_cat-steroides-injectables-fr","8":"first","9":"instock","10":"shipping-taxable","11":"purchasable","12":"product-type-simple"},"_links":{"self":[{"href":"https:\/\/testosteron-eu.com\/fr\/wp-json\/wp\/v2\/product\/8624","targetHints":{"allow":["GET"]}}],"collection":[{"href":"https:\/\/testosteron-eu.com\/fr\/wp-json\/wp\/v2\/product"}],"about":[{"href":"https:\/\/testosteron-eu.com\/fr\/wp-json\/wp\/v2\/types\/product"}],"replies":[{"embeddable":true,"href":"https:\/\/testosteron-eu.com\/fr\/wp-json\/wp\/v2\/comments?post=8624"}],"wp:featuredmedia":[{"embeddable":true,"href":"https:\/\/testosteron-eu.com\/fr\/wp-json\/wp\/v2\/media\/8315"}],"wp:attachment":[{"href":"https:\/\/testosteron-eu.com\/fr\/wp-json\/wp\/v2\/media?parent=8624"}],"wp:term":[{"taxonomy":"product_cat","embeddable":true,"href":"https:\/\/testosteron-eu.com\/fr\/wp-json\/wp\/v2\/product_cat?post=8624"},{"taxonomy":"product_tag","embeddable":true,"href":"https:\/\/testosteron-eu.com\/fr\/wp-json\/wp\/v2\/product_tag?post=8624"}],"curies":[{"name":"wp","href":"https:\/\/api.w.org\/{rel}","templated":true}]}}