{"id":8643,"date":"2025-05-14T11:40:18","date_gmt":"2025-05-14T09:40:18","guid":{"rendered":"https:\/\/testosteron-eu.com\/?post_type=product&#038;p=8643"},"modified":"2025-05-14T11:41:36","modified_gmt":"2025-05-14T09:41:36","slug":"primo-depot-methenolone-enanthate-100-mg-ml-ortesa","status":"publish","type":"product","link":"https:\/\/testosteron-eu.com\/fr\/produit\/primo-depot-methenolone-enanthate-100-mg-ml-ortesa\/","title":{"rendered":"Primo Depot Methenolone Enanthate 100 mg\/ml Ortesa"},"content":{"rendered":"<p>Primo Depot (Methenolone Enanthate) est une formule de qualit\u00e9 qui supports lean muscle gain and mild, steady anabolic effect. Ce produit est appr\u00e9ci\u00e9 pour sa capacit\u00e9 \u00e0 favoriser la force, l\u2019endurance, la d\u00e9finition musculaire et la transformation physique globale.<\/p>\n","protected":false},"excerpt":{"rendered":"<p>Am\u00e9liorez vos performances avec Primo Depot de Ortesa. Con\u00e7u pour les athl\u00e8tes \u00e0 la recherche de performance et d&rsquo;am\u00e9lioration physique.<\/p>\n","protected":false},"featured_media":8340,"comment_status":"open","ping_status":"closed","template":"","meta":[],"product_cat":[189],"product_tag":[],"class_list":{"0":"post-8643","1":"product","2":"type-product","3":"status-publish","4":"has-post-thumbnail","6":"product_cat-steroides-injectables-fr","8":"first","9":"instock","10":"shipping-taxable","11":"purchasable","12":"product-type-simple"},"_links":{"self":[{"href":"https:\/\/testosteron-eu.com\/fr\/wp-json\/wp\/v2\/product\/8643","targetHints":{"allow":["GET"]}}],"collection":[{"href":"https:\/\/testosteron-eu.com\/fr\/wp-json\/wp\/v2\/product"}],"about":[{"href":"https:\/\/testosteron-eu.com\/fr\/wp-json\/wp\/v2\/types\/product"}],"replies":[{"embeddable":true,"href":"https:\/\/testosteron-eu.com\/fr\/wp-json\/wp\/v2\/comments?post=8643"}],"wp:featuredmedia":[{"embeddable":true,"href":"https:\/\/testosteron-eu.com\/fr\/wp-json\/wp\/v2\/media\/8340"}],"wp:attachment":[{"href":"https:\/\/testosteron-eu.com\/fr\/wp-json\/wp\/v2\/media?parent=8643"}],"wp:term":[{"taxonomy":"product_cat","embeddable":true,"href":"https:\/\/testosteron-eu.com\/fr\/wp-json\/wp\/v2\/product_cat?post=8643"},{"taxonomy":"product_tag","embeddable":true,"href":"https:\/\/testosteron-eu.com\/fr\/wp-json\/wp\/v2\/product_tag?post=8643"}],"curies":[{"name":"wp","href":"https:\/\/api.w.org\/{rel}","templated":true}]}}