{"id":8754,"date":"2025-05-14T12:26:05","date_gmt":"2025-05-14T10:26:05","guid":{"rendered":"https:\/\/testosteron-eu.com\/?post_type=product&#038;p=8754"},"modified":"2025-05-14T12:27:09","modified_gmt":"2025-05-14T10:27:09","slug":"bpc-157-5-mg-vial-selliza","status":"publish","type":"product","link":"https:\/\/testosteron-eu.com\/fr\/produit\/bpc-157-5-mg-vial-selliza\/","title":{"rendered":"BPC 157 5 mg\/vial Selliza"},"content":{"rendered":"<p>BPC-157 aide \u00e0 r\u00e9parer muscles et tendons, id\u00e9al apr\u00e8s l\u2019effort. Its regenerative capabilities make it a go-to for those recovering from sports injuries, surgeries, or looking to protect and maintain joint and connective tissue health.<\/p>\n","protected":false},"excerpt":{"rendered":"<p>Acc\u00e9l\u00e9rez la gu\u00e9rison avec BPC-157.  Speed up healing and protect joints for an active lifestyle.<\/p>\n","protected":false},"featured_media":8400,"comment_status":"open","ping_status":"closed","template":"","meta":[],"product_cat":[192,186],"product_tag":[],"class_list":{"0":"post-8754","1":"product","2":"type-product","3":"status-publish","4":"has-post-thumbnail","6":"product_cat-peptides-fr","7":"product_cat-protection-corporelle-fr","9":"first","10":"instock","11":"shipping-taxable","12":"purchasable","13":"product-type-simple"},"_links":{"self":[{"href":"https:\/\/testosteron-eu.com\/fr\/wp-json\/wp\/v2\/product\/8754","targetHints":{"allow":["GET"]}}],"collection":[{"href":"https:\/\/testosteron-eu.com\/fr\/wp-json\/wp\/v2\/product"}],"about":[{"href":"https:\/\/testosteron-eu.com\/fr\/wp-json\/wp\/v2\/types\/product"}],"replies":[{"embeddable":true,"href":"https:\/\/testosteron-eu.com\/fr\/wp-json\/wp\/v2\/comments?post=8754"}],"wp:featuredmedia":[{"embeddable":true,"href":"https:\/\/testosteron-eu.com\/fr\/wp-json\/wp\/v2\/media\/8400"}],"wp:attachment":[{"href":"https:\/\/testosteron-eu.com\/fr\/wp-json\/wp\/v2\/media?parent=8754"}],"wp:term":[{"taxonomy":"product_cat","embeddable":true,"href":"https:\/\/testosteron-eu.com\/fr\/wp-json\/wp\/v2\/product_cat?post=8754"},{"taxonomy":"product_tag","embeddable":true,"href":"https:\/\/testosteron-eu.com\/fr\/wp-json\/wp\/v2\/product_tag?post=8754"}],"curies":[{"name":"wp","href":"https:\/\/api.w.org\/{rel}","templated":true}]}}