{"id":9300,"date":"2025-09-04T01:56:09","date_gmt":"2025-09-03T23:56:09","guid":{"rendered":"https:\/\/testosteron-eu.com\/?post_type=product&#038;p=9300"},"modified":"2025-09-04T01:58:17","modified_gmt":"2025-09-03T23:58:17","slug":"somaliq-pen-somatropin-60iu-sunsci","status":"publish","type":"product","link":"https:\/\/testosteron-eu.com\/fr\/produit\/somaliq-pen-somatropin-60iu-sunsci\/","title":{"rendered":"Somaliq Pen Somatropin 60IU SunSci"},"content":{"rendered":"<p>Somaliq Pen Somatropin 60IU SunSci repr\u00e9sente une solution moderne et performante, \u00e9labor\u00e9e pour ceux qui recherchent l\u2019excellence. Gr\u00e2ce \u00e0 une technologie avanc\u00e9e et des normes de fabrication rigoureuses, il garantit puret\u00e9, efficacit\u00e9 et constance. Son format pratique en stylo offre une utilisation simple et fiable, tout en optimisant les r\u00e9sultats. Id\u00e9al pour soutenir la r\u00e9cup\u00e9ration, renforcer la vitalit\u00e9 et am\u00e9liorer les performances, Somaliq Pen s\u2019impose comme un alli\u00e9 de confiance dans votre parcours. Avec Somaliq Pen Somatropin 60IU, vous choisissez l\u2019innovation, la qualit\u00e9 premium et l\u2019efficacit\u00e9 sign\u00e9e SunSci.<\/p>\n","protected":false},"excerpt":{"rendered":"<p>Somaliq Pen Somatropin 60IU de SunSci incarne l\u2019innovation et la qualit\u00e9 sup\u00e9rieure. Con\u00e7u pour des r\u00e9sultats visibles, il favorise la vitalit\u00e9, la r\u00e9cup\u00e9ration et un progr\u00e8s durable.<\/p>\n","protected":false},"featured_media":9304,"comment_status":"open","ping_status":"closed","template":"","meta":[],"product_cat":[188],"product_tag":[],"class_list":{"0":"post-9300","1":"product","2":"type-product","3":"status-publish","4":"has-post-thumbnail","6":"product_cat-hgh-fr","8":"first","9":"instock","10":"shipping-taxable","11":"purchasable","12":"product-type-simple"},"_links":{"self":[{"href":"https:\/\/testosteron-eu.com\/fr\/wp-json\/wp\/v2\/product\/9300","targetHints":{"allow":["GET"]}}],"collection":[{"href":"https:\/\/testosteron-eu.com\/fr\/wp-json\/wp\/v2\/product"}],"about":[{"href":"https:\/\/testosteron-eu.com\/fr\/wp-json\/wp\/v2\/types\/product"}],"replies":[{"embeddable":true,"href":"https:\/\/testosteron-eu.com\/fr\/wp-json\/wp\/v2\/comments?post=9300"}],"wp:featuredmedia":[{"embeddable":true,"href":"https:\/\/testosteron-eu.com\/fr\/wp-json\/wp\/v2\/media\/9304"}],"wp:attachment":[{"href":"https:\/\/testosteron-eu.com\/fr\/wp-json\/wp\/v2\/media?parent=9300"}],"wp:term":[{"taxonomy":"product_cat","embeddable":true,"href":"https:\/\/testosteron-eu.com\/fr\/wp-json\/wp\/v2\/product_cat?post=9300"},{"taxonomy":"product_tag","embeddable":true,"href":"https:\/\/testosteron-eu.com\/fr\/wp-json\/wp\/v2\/product_tag?post=9300"}],"curies":[{"name":"wp","href":"https:\/\/api.w.org\/{rel}","templated":true}]}}