{"id":1486,"date":"2023-06-06T11:00:13","date_gmt":"2023-06-06T10:00:13","guid":{"rendered":"https:\/\/testosteron-eu.com\/about-us\/"},"modified":"2024-10-08T16:20:09","modified_gmt":"2024-10-08T15:20:09","slug":"chi-siamo","status":"publish","type":"page","link":"https:\/\/testosteron-eu.com\/it\/chi-siamo\/","title":{"rendered":"Chi siamo"},"content":{"rendered":"<div class=\"wpb-content-wrapper\"><p>[vc_row][vc_column]\t\t<div id=\"wd-67054cbc468d1\" class=\"wd-text-block wd-wpb reset-last-child wd-rs-67054cbc468d1 text-left \">\n\t\t\t<h2>Scopri di pi\u00f9 su di noi<\/h2>\n<p>Da oltre 9 anni ci siamo affermati con successo sul mercato, guadagnandoci la reputazione di partner affidabile e competente. La nostra esperienza e dedizione ci hanno permesso di costruire una base di clienti fedeli che si affidano alla nostra competenza e al nostro servizio.<\/p>\n<p>Siamo un team di specialisti dedicati che non solo vendono prodotti, ma hanno anche una conoscenza approfondita della gamma che offriamo. Il nostro obiettivo \u00e8 fornire ai nostri clienti i migliori consigli e supporto possibile, assicurandoci che trovino esattamente ci\u00f2 di cui hanno bisogno.<\/p>\n<p>Attribuiamo grande importanza alla qualit\u00e0 dei nostri servizi e prodotti. Per questo garantiamo consulenza qualificata, consegna rapida e gratuita, e prodotti della massima qualit\u00e0. La nostra vasta gamma include 14 marchi rinomati che soddisfano pienamente tutte le vostre esigenze.<\/p>\n<p>Nella nostra selezione troverete una vasta gamma di prodotti, tra cui steroidi anabolizzanti, prodotti a base di testosterone, SARMs, peptidi, ormoni della crescita, vitamine, bruciagrassi e agenti protettivi per il corpo durante i cicli. Ogni prodotto \u00e8 accuratamente selezionato e testato per garantire che soddisfi i pi\u00f9 elevati standard.<\/p>\n<p>La nostra missione non \u00e8 solo offrirvi prodotti di alta qualit\u00e0, ma anche fornire un eccellente servizio clienti. Il nostro team \u00e8 sempre a disposizione per rispondere alle vostre domande e aiutarvi a scegliere i prodotti giusti. Affidatevi alla nostra esperienza e competenza \u2014 siamo qui per aiutarvi a raggiungere i vostri obiettivi e superare le vostre aspettative.<\/p>\n<p>Siamo impazienti di accogliervi e offrirvi i migliori prodotti e servizi sul mercato. Venite a trovarci e scoprite la differenza che il nostro impegno e la nostra passione possono fare.<\/p>\n\t\t<\/div>\n\t\t[\/vc_column][\/vc_row]<\/p>\n<\/div>","protected":false},"excerpt":{"rendered":"<p>[vc_row][vc_column][\/vc_column][\/vc_row]<\/p>\n","protected":false},"author":1,"featured_media":0,"parent":0,"menu_order":0,"comment_status":"closed","ping_status":"closed","template":"","meta":{"footnotes":""},"class_list":["post-1486","page","type-page","status-publish","hentry"],"_links":{"self":[{"href":"https:\/\/testosteron-eu.com\/it\/wp-json\/wp\/v2\/pages\/1486","targetHints":{"allow":["GET"]}}],"collection":[{"href":"https:\/\/testosteron-eu.com\/it\/wp-json\/wp\/v2\/pages"}],"about":[{"href":"https:\/\/testosteron-eu.com\/it\/wp-json\/wp\/v2\/types\/page"}],"author":[{"embeddable":true,"href":"https:\/\/testosteron-eu.com\/it\/wp-json\/wp\/v2\/users\/1"}],"replies":[{"embeddable":true,"href":"https:\/\/testosteron-eu.com\/it\/wp-json\/wp\/v2\/comments?post=1486"}],"version-history":[{"count":2,"href":"https:\/\/testosteron-eu.com\/it\/wp-json\/wp\/v2\/pages\/1486\/revisions"}],"predecessor-version":[{"id":1495,"href":"https:\/\/testosteron-eu.com\/it\/wp-json\/wp\/v2\/pages\/1486\/revisions\/1495"}],"wp:attachment":[{"href":"https:\/\/testosteron-eu.com\/it\/wp-json\/wp\/v2\/media?parent=1486"}],"curies":[{"name":"wp","href":"https:\/\/api.w.org\/{rel}","templated":true}]}}