{"id":7544,"date":"2025-04-04T00:44:48","date_gmt":"2025-04-03T22:44:48","guid":{"rendered":"https:\/\/testosteron-eu.com\/?post_type=product&#038;p=7544"},"modified":"2025-04-04T00:46:58","modified_gmt":"2025-04-03T22:46:58","slug":"methenolone-enanthate-somatrop-lab","status":"publish","type":"product","link":"https:\/\/testosteron-eu.com\/it\/prodotto\/methenolone-enanthate-somatrop-lab\/","title":{"rendered":"Methenolone Enanthate Somatrop-Lab"},"content":{"rendered":"<p>Methenolone Enanthate \u00e8 noto per garantire una crescita muscolare costante e sostenibile, con ritenzione idrica minima. Aiuta a mantenere un aspetto asciutto e definito ed \u00e8 spesso incluso in cicli di cutting o bulk controllato. Gli atleti apprezzano il suo profilo di sicurezza favorevole e i risultati affidabili.<\/p>\n","protected":false},"excerpt":{"rendered":"<p>Methenolone Enanthate di Somatrop-Lab \u00e8 uno steroide anabolizzante di alta qualit\u00e0 progettato per migliorare la crescita muscolare e le prestazioni fisiche, con effetti collaterali pi\u00f9 lievi rispetto a molti altri steroidi. \u00c8 particolarmente apprezzato per la sua capacit\u00e0 di offrire guadagni muscolari di qualit\u00e0 e un minore impatto sull\u2019organismo.<\/p>\n","protected":false},"featured_media":7549,"comment_status":"open","ping_status":"closed","template":"","meta":[],"product_cat":[215],"product_tag":[],"class_list":{"0":"post-7544","1":"product","2":"type-product","3":"status-publish","4":"has-post-thumbnail","6":"product_cat-steroidi-iniettabili-it","8":"first","9":"instock","10":"shipping-taxable","11":"purchasable","12":"product-type-simple"},"_links":{"self":[{"href":"https:\/\/testosteron-eu.com\/it\/wp-json\/wp\/v2\/product\/7544","targetHints":{"allow":["GET"]}}],"collection":[{"href":"https:\/\/testosteron-eu.com\/it\/wp-json\/wp\/v2\/product"}],"about":[{"href":"https:\/\/testosteron-eu.com\/it\/wp-json\/wp\/v2\/types\/product"}],"replies":[{"embeddable":true,"href":"https:\/\/testosteron-eu.com\/it\/wp-json\/wp\/v2\/comments?post=7544"}],"wp:featuredmedia":[{"embeddable":true,"href":"https:\/\/testosteron-eu.com\/it\/wp-json\/wp\/v2\/media\/7549"}],"wp:attachment":[{"href":"https:\/\/testosteron-eu.com\/it\/wp-json\/wp\/v2\/media?parent=7544"}],"wp:term":[{"taxonomy":"product_cat","embeddable":true,"href":"https:\/\/testosteron-eu.com\/it\/wp-json\/wp\/v2\/product_cat?post=7544"},{"taxonomy":"product_tag","embeddable":true,"href":"https:\/\/testosteron-eu.com\/it\/wp-json\/wp\/v2\/product_tag?post=7544"}],"curies":[{"name":"wp","href":"https:\/\/api.w.org\/{rel}","templated":true}]}}