{"id":7572,"date":"2025-04-04T00:49:53","date_gmt":"2025-04-03T22:49:53","guid":{"rendered":"https:\/\/testosteron-eu.com\/?post_type=product&#038;p=7572"},"modified":"2025-04-04T00:51:54","modified_gmt":"2025-04-03T22:51:54","slug":"nandrolone-phenylpropionate-somatrop-lab","status":"publish","type":"product","link":"https:\/\/testosteron-eu.com\/it\/prodotto\/nandrolone-phenylpropionate-somatrop-lab\/","title":{"rendered":"Nandrolone Phenylpropionate Somatrop-Lab"},"content":{"rendered":"<p>Grazie al suo estere a pi\u00f9 rapida azione, NPP consente di sfruttare i vantaggi del Nandrolone con iniezioni pi\u00f9 frequenti ma di minore quantit\u00e0. Favorisce la sintesi proteica e la produzione di globuli rossi, sostenendo la riparazione muscolare e la resistenza. Molti atleti apprezzano la sua capacit\u00e0 di alleviare i disturbi articolari, consentendo allenamenti pi\u00f9 intensi.<\/p>\n","protected":false},"excerpt":{"rendered":"<p>Nandrolone Phenylpropionate (NPP) di Somatrop-Lab \u00e8 uno steroide anabolizzante altamente efficace, noto per i suoi benefici nel costruire massa muscolare, aumentare la forza e sostenere le articolazioni.<\/p>\n","protected":false},"featured_media":7577,"comment_status":"open","ping_status":"closed","template":"","meta":[],"product_cat":[215],"product_tag":[],"class_list":{"0":"post-7572","1":"product","2":"type-product","3":"status-publish","4":"has-post-thumbnail","6":"product_cat-steroidi-iniettabili-it","8":"first","9":"instock","10":"shipping-taxable","11":"purchasable","12":"product-type-simple"},"_links":{"self":[{"href":"https:\/\/testosteron-eu.com\/it\/wp-json\/wp\/v2\/product\/7572","targetHints":{"allow":["GET"]}}],"collection":[{"href":"https:\/\/testosteron-eu.com\/it\/wp-json\/wp\/v2\/product"}],"about":[{"href":"https:\/\/testosteron-eu.com\/it\/wp-json\/wp\/v2\/types\/product"}],"replies":[{"embeddable":true,"href":"https:\/\/testosteron-eu.com\/it\/wp-json\/wp\/v2\/comments?post=7572"}],"wp:featuredmedia":[{"embeddable":true,"href":"https:\/\/testosteron-eu.com\/it\/wp-json\/wp\/v2\/media\/7577"}],"wp:attachment":[{"href":"https:\/\/testosteron-eu.com\/it\/wp-json\/wp\/v2\/media?parent=7572"}],"wp:term":[{"taxonomy":"product_cat","embeddable":true,"href":"https:\/\/testosteron-eu.com\/it\/wp-json\/wp\/v2\/product_cat?post=7572"},{"taxonomy":"product_tag","embeddable":true,"href":"https:\/\/testosteron-eu.com\/it\/wp-json\/wp\/v2\/product_tag?post=7572"}],"curies":[{"name":"wp","href":"https:\/\/api.w.org\/{rel}","templated":true}]}}